{"id":2847,"date":"2019-06-06T01:41:40","date_gmt":"2019-06-06T01:41:40","guid":{"rendered":"https:\/\/gp.sarvanshu.com\/media-releases\/"},"modified":"2019-06-19T17:09:02","modified_gmt":"2019-06-19T17:09:02","slug":"media-releases","status":"publish","type":"page","link":"https:\/\/www.gardenpromenade.ca\/fr\/media-releases\/","title":{"rendered":"Communiqu\u00e9s M\u00e9dias"},"content":{"rendered":"\t\t<div data-elementor-type=\"wp-post\" data-elementor-id=\"2847\" class=\"elementor elementor-2847 elementor-2810\" data-elementor-settings=\"[]\">\n\t\t\t\t\t\t<div class=\"elementor-inner\">\n\t\t\t\t\t\t\t<div class=\"elementor-section-wrap\">\n\t\t\t\t\t\t\t<section class=\"elementor-section elementor-top-section elementor-element elementor-element-7679b67e elementor-section-stretched elementor-section-boxed elementor-section-height-default elementor-section-height-default\" data-id=\"7679b67e\" data-element_type=\"section\" data-settings=\"{&quot;background_background&quot;:&quot;gradient&quot;,&quot;stretch_section&quot;:&quot;section-stretched&quot;,&quot;shape_divider_bottom&quot;:&quot;arrow&quot;,&quot;shape_divider_bottom_negative&quot;:&quot;yes&quot;}\">\n\t\t\t\t\t\t\t<div class=\"elementor-background-overlay\"><\/div>\n\t\t\t\t\t\t<div class=\"elementor-shape elementor-shape-bottom\" data-negative=\"true\">\n\t\t\t<svg xmlns=\"http:\/\/www.w3.org\/2000\/svg\" viewBox=\"0 0 700 10\" preserveAspectRatio=\"none\">\n\t<path class=\"elementor-shape-fill\" d=\"M360 0L350 9.9 340 0 0 0 0 10 700 10 700 0\"\/>\n<\/svg>\t\t<\/div>\n\t\t\t\t\t<div class=\"elementor-container elementor-column-gap-default\">\n\t\t\t\t\t\t\t<div class=\"elementor-row\">\n\t\t\t\t\t<div class=\"elementor-column elementor-col-100 elementor-top-column elementor-element elementor-element-4afc1395\" data-id=\"4afc1395\" data-element_type=\"column\">\n\t\t\t<div class=\"elementor-column-wrap elementor-element-populated\">\n\t\t\t\t\t\t\t<div class=\"elementor-widget-wrap\">\n\t\t\t\t\t\t<div class=\"elementor-element elementor-element-5db082a4 elementor-widget elementor-widget-heading\" data-id=\"5db082a4\" data-element_type=\"widget\" data-widget_type=\"heading.default\">\n\t\t\t\t<div class=\"elementor-widget-container\">\n\t\t\t<h2 class=\"elementor-heading-title elementor-size-default\">COMMUNIQU\u00c9S M\u00c9DIAS<\/h2>\t\t<\/div>\n\t\t\t\t<\/div>\n\t\t\t\t\t\t<\/div>\n\t\t\t\t\t<\/div>\n\t\t<\/div>\n\t\t\t\t\t\t\t\t<\/div>\n\t\t\t\t\t<\/div>\n\t\t<\/section>\n\t\t\t\t<section class=\"elementor-section elementor-top-section elementor-element elementor-element-3d24900 elementor-section-boxed elementor-section-height-default elementor-section-height-default\" data-id=\"3d24900\" data-element_type=\"section\">\n\t\t\t\t\t\t<div class=\"elementor-container elementor-column-gap-default\">\n\t\t\t\t\t\t\t<div class=\"elementor-row\">\n\t\t\t\t\t<div class=\"elementor-column elementor-col-50 elementor-top-column elementor-element elementor-element-bbc14bf\" data-id=\"bbc14bf\" data-element_type=\"column\">\n\t\t\t<div class=\"elementor-column-wrap elementor-element-populated\">\n\t\t\t\t\t\t\t<div class=\"elementor-widget-wrap\">\n\t\t\t\t\t\t<div class=\"elementor-element elementor-element-9113b7a elementor-grid-1 elementor-grid-tablet-2 elementor-grid-mobile-1 elementor-posts--thumbnail-top elementor-widget elementor-widget-posts\" data-id=\"9113b7a\" data-element_type=\"widget\" data-settings=\"{&quot;classic_columns&quot;:&quot;1&quot;,&quot;classic_columns_tablet&quot;:&quot;2&quot;,&quot;classic_columns_mobile&quot;:&quot;1&quot;,&quot;classic_row_gap&quot;:{&quot;unit&quot;:&quot;px&quot;,&quot;size&quot;:35,&quot;sizes&quot;:[]}}\" data-widget_type=\"posts.classic\">\n\t\t\t\t<div class=\"elementor-widget-container\">\n\t\t\t\t\t<div class=\"elementor-posts-container elementor-posts elementor-posts--skin-classic elementor-grid\">\n\t\t\t\t<article class=\"elementor-post elementor-grid-item post-4145 news type-news status-publish hentry\">\n\t\t\t\t<div class=\"elementor-post__text\">\n\t\t\t\t<h3 class=\"elementor-post__title\">\n\t\t\t<a href=\"https:\/\/www.gardenpromenade.ca\/fr\/news\/les-visites-autoguidees-de-la-promenade-des-jardins\/\" >\n\t\t\t\tLes Visites autoguid\u00e9es de la Promenade des jardins\t\t\t<\/a>\n\t\t<\/h3>\n\t\t\t\t<div class=\"elementor-post__meta-data\">\n\t\t\t\t\t<span class=\"elementor-post-date\">\n\t\t\tao\u00fbt 31, 2020\t\t<\/span>\n\t\t\t\t<span class=\"elementor-post-avatar\">\n\t\t\tAucun commentaire\t\t<\/span>\n\t\t\t\t<\/div>\n\t\t\t\t<div class=\"elementor-post__excerpt\">\n\t\t\t<p>Pour diffusion imm\u00e9diate &#8211; lundi, le 31 ao\u00fbt Les Visites autoguid\u00e9es de la Promenade des jardins #Promenadesdesjardins #MonOttawa #OutaouaisFun 2020 est l&rsquo;ann\u00e9e du \u00ab\u00a0Staycation\u00a0\u00bb. C\u2019est l\u2019occasion de d\u00e9couvrir des endroits merveilleux dans votre propre ville. Nous savons que de<\/p>\n\t\t<\/div>\n\t\t\t\t\t<a class=\"elementor-post__read-more\" href=\"https:\/\/www.gardenpromenade.ca\/fr\/news\/les-visites-autoguidees-de-la-promenade-des-jardins\/\" >\n\t\t\t\tLire la suite \u00bb\t\t\t<\/a>\n\t\t\t\t<\/div>\n\t\t\t\t<\/article>\n\t\t\t\t<article class=\"elementor-post elementor-grid-item post-3681 news type-news status-publish hentry\">\n\t\t\t\t<div class=\"elementor-post__text\">\n\t\t\t\t<h3 class=\"elementor-post__title\">\n\t\t\t<a href=\"https:\/\/www.gardenpromenade.ca\/fr\/news\/la-fin-de-semaine-du-garden-party-est-ici\/\" >\n\t\t\t\tLa fin de semaine du Garden-party est ici!\t\t\t<\/a>\n\t\t<\/h3>\n\t\t\t\t<div class=\"elementor-post__meta-data\">\n\t\t\t\t\t<span class=\"elementor-post-date\">\n\t\t\tjuillet 19, 2019\t\t<\/span>\n\t\t\t\t<span class=\"elementor-post-avatar\">\n\t\t\tAucun commentaire\t\t<\/span>\n\t\t\t\t<\/div>\n\t\t\t\t<div class=\"elementor-post__excerpt\">\n\t\t\t<p>La fin de semaine du Garden-party est ici! Du vendredi 19 juillet au dimanche 21 juillet 2019 &nbsp; Enfin! \u2013 La fin de semaine du Garden-party. Cette fin de semaine, la Promenade des jardins invite tout le monde \u00e0<\/p>\n\t\t<\/div>\n\t\t\t\t\t<a class=\"elementor-post__read-more\" href=\"https:\/\/www.gardenpromenade.ca\/fr\/news\/la-fin-de-semaine-du-garden-party-est-ici\/\" >\n\t\t\t\tLire la suite \u00bb\t\t\t<\/a>\n\t\t\t\t<\/div>\n\t\t\t\t<\/article>\n\t\t\t\t<article class=\"elementor-post elementor-grid-item post-3280 news type-news status-publish hentry\">\n\t\t\t\t<div class=\"elementor-post__text\">\n\t\t\t\t<h3 class=\"elementor-post__title\">\n\t\t\t<a href=\"https:\/\/www.gardenpromenade.ca\/fr\/news\/jardins-dottawa-communique-de-presse-le-14-juin-2019\/\" >\n\t\t\t\tJardins d&rsquo;Ottawa Communiqu\u00e9 de presse &#8211; le 14 juin 2019\t\t\t<\/a>\n\t\t<\/h3>\n\t\t\t\t<div class=\"elementor-post__meta-data\">\n\t\t\t\t\t<span class=\"elementor-post-date\">\n\t\t\tjuin 14, 2019\t\t<\/span>\n\t\t\t\t<span class=\"elementor-post-avatar\">\n\t\t\tAucun commentaire\t\t<\/span>\n\t\t\t\t<\/div>\n\t\t\t\t<div class=\"elementor-post__excerpt\">\n\t\t\t<p>Ottawa, Ontario, 14 juin 2019 \u2013 La c\u00e9l\u00e9bration annuelle du jardin et du jardinage, Les Journ\u00e9es du jardin d&rsquo;Ottawa, commence cette ann\u00e9e le 15 juin, la Journ\u00e9e nationale du jardin!<\/p>\n<p>Ce matin, le maire suppl\u00e9ant Matthew Luloff a officiellement proclam\u00e9 \u00e0 la R\u00e9sidence Chartwell Rockcliffe les Journ\u00e9es du jardin \u00e0 Ottawa se d\u00e9roulant du 15 au 23 juin. Les membres de Jardins d\u2019Ottawa et de la communaut\u00e9 du jardin \u00e9taient sur place pour marquer l&rsquo;occasion. Les Journ\u00e9es du jardin d&rsquo;Ottawa vous invitent \u00e0 c\u00e9l\u00e9brer votre jardin avec la famille et les amis, \u00e0 voir votre jardin pr\u00e9f\u00e9r\u00e9, ou \u00e0 en d\u00e9couvrir un nouveau. Pour plus d&rsquo;informations, consultez le site web<\/p>\n\t\t<\/div>\n\t\t\t\t\t<a class=\"elementor-post__read-more\" href=\"https:\/\/www.gardenpromenade.ca\/fr\/news\/jardins-dottawa-communique-de-presse-le-14-juin-2019\/\" >\n\t\t\t\tLire la suite \u00bb\t\t\t<\/a>\n\t\t\t\t<\/div>\n\t\t\t\t<\/article>\n\t\t\t\t<article class=\"elementor-post elementor-grid-item post-3278 news type-news status-publish hentry\">\n\t\t\t\t<div class=\"elementor-post__text\">\n\t\t\t\t<h3 class=\"elementor-post__title\">\n\t\t\t<a href=\"https:\/\/www.gardenpromenade.ca\/fr\/news\/apportez-votre-appareil-photo-au-jardin\/\" >\n\t\t\t\tApportez votre appareil photo au jardin\t\t\t<\/a>\n\t\t<\/h3>\n\t\t\t\t<div class=\"elementor-post__meta-data\">\n\t\t\t\t\t<span class=\"elementor-post-date\">\n\t\t\tjuin 14, 2019\t\t<\/span>\n\t\t\t\t<span class=\"elementor-post-avatar\">\n\t\t\tAucun commentaire\t\t<\/span>\n\t\t\t\t<\/div>\n\t\t\t\t<div class=\"elementor-post__excerpt\">\n\t\t\t<p>\t\t\t\tDes jardins en plein floraison, des s\u00e9ances de photo et des ateliers, du divertissement en famille, des concours et des surprises sp\u00e9ciales<\/p>\n<p>Explorez la Promenade des Jardins pendant le Photo-Fest Jardin 19 et 20 ao\u00fbt. Pointez votre cam\u00e9ra vers les fleurs en floraison et les paysages toujours spectaculaires de plus de 40 jardins et 70 exp\u00e9riences de jardins dans la capitale du Canada. Les activit\u00e9s officielles comprennent des ateliers de photographie, des concours de photos et encore plus!\t\t<\/p>\n\t\t<\/div>\n\t\t\t\t\t<a class=\"elementor-post__read-more\" href=\"https:\/\/www.gardenpromenade.ca\/fr\/news\/apportez-votre-appareil-photo-au-jardin\/\" >\n\t\t\t\tLire la suite \u00bb\t\t\t<\/a>\n\t\t\t\t<\/div>\n\t\t\t\t<\/article>\n\t\t\t\t<article class=\"elementor-post elementor-grid-item post-3275 news type-news status-publish hentry\">\n\t\t\t\t<div class=\"elementor-post__text\">\n\t\t\t\t<h3 class=\"elementor-post__title\">\n\t\t\t<a href=\"https:\/\/www.gardenpromenade.ca\/fr\/news\/cest-le-temps-du-garden-party-sur-la-promenade-des-jardins\/\" >\n\t\t\t\tC\u2019est le temps du Garden-Party sur la Promenade des Jardins\t\t\t<\/a>\n\t\t<\/h3>\n\t\t\t\t<div class=\"elementor-post__meta-data\">\n\t\t\t\t\t<span class=\"elementor-post-date\">\n\t\t\tjuin 14, 2019\t\t<\/span>\n\t\t\t\t<span class=\"elementor-post-avatar\">\n\t\t\tAucun commentaire\t\t<\/span>\n\t\t\t\t<\/div>\n\t\t\t\t<div class=\"elementor-post__excerpt\">\n\t\t\t<p>Des parcours des jardins, du plaisir pour la famille, des menus Jardinlicieux, des feux d\u2019artifice et des surprises!<\/p>\n<p>La Promenade des Jardins, la nouvelle attraction de jardin d\u2019Ottawa-Gatineau, a r\u00e9cemment accueilli le Festival canadien des tulipes et les Journ\u00e9es Jardins, toujours populaires en mai et juin pass\u00e9s. Avec le Garden-Party, l\u2019\u00e9lan amorc\u00e9 en force se poursuit au c\u0153ur de l\u2019\u00e9t\u00e9 : une fin de semaine d\u2019\u00e9v\u00e9nements de jardin pour toute la famille.\t\t<\/p>\n\t\t<\/div>\n\t\t\t\t\t<a class=\"elementor-post__read-more\" href=\"https:\/\/www.gardenpromenade.ca\/fr\/news\/cest-le-temps-du-garden-party-sur-la-promenade-des-jardins\/\" >\n\t\t\t\tLire la suite \u00bb\t\t\t<\/a>\n\t\t\t\t<\/div>\n\t\t\t\t<\/article>\n\t\t\t\t<\/div>\n\t\t\t\t<\/div>\n\t\t\t\t<\/div>\n\t\t\t\t\t\t<\/div>\n\t\t\t\t\t<\/div>\n\t\t<\/div>\n\t\t\t\t<div class=\"elementor-column elementor-col-50 elementor-top-column elementor-element elementor-element-22f39b5\" data-id=\"22f39b5\" data-element_type=\"column\">\n\t\t\t<div class=\"elementor-column-wrap elementor-element-populated\">\n\t\t\t\t\t\t\t<div class=\"elementor-widget-wrap\">\n\t\t\t\t\t\t<div class=\"elementor-element elementor-element-1382f0b elementor-search-form--skin-classic elementor-search-form--button-type-icon elementor-search-form--icon-search elementor-widget elementor-widget-search-form\" data-id=\"1382f0b\" data-element_type=\"widget\" data-settings=\"{&quot;skin&quot;:&quot;classic&quot;}\" data-widget_type=\"search-form.default\">\n\t\t\t\t<div class=\"elementor-widget-container\">\n\t\t\t\t\t<form class=\"elementor-search-form\" role=\"search\" action=\"https:\/\/www.gardenpromenade.ca\/fr\/\" method=\"get\">\n\t\t\t\t\t\t\t\t\t<div class=\"elementor-search-form__container\">\n\t\t\t\t\t\t\t\t<input placeholder=\"Chercher...\" class=\"elementor-search-form__input\" type=\"search\" name=\"s\" title=\"Rechercher \" value=\"\">\n\t\t\t\t<input type='hidden' name='lang' value='fr' \/>\t\t\t\t\t\t\t\t\t<button class=\"elementor-search-form__submit\" type=\"submit\" title=\"Rechercher \" aria-label=\"Rechercher \">\n\t\t\t\t\t\t\t\t\t\t\t\t\t<i aria-hidden=\"true\" class=\"fas fa-search\"><\/i>\t\t\t\t\t\t\t<span class=\"elementor-screen-only\">Rechercher <\/span>\n\t\t\t\t\t\t\t\t\t\t\t<\/button>\n\t\t\t\t\t\t\t\t\t\t\t<\/div>\n\t\t<\/form>\n\t\t\t\t<\/div>\n\t\t\t\t<\/div>\n\t\t\t\t<div class=\"elementor-element elementor-element-d07ff16 elementor-widget elementor-widget-sitemap\" data-id=\"d07ff16\" data-element_type=\"widget\" data-widget_type=\"sitemap.default\">\n\t\t\t\t<div class=\"elementor-widget-container\">\n\t\t\t<div class=\"elementor-sitemap-wrap\"><div class=\"elementor-sitemap-section\"><h2 class=\"elementor-sitemap-title elementor-sitemap-page-title\">Des pages<\/h2><ul class=\"elementor-sitemap-list elementor-sitemap-page-list\"><li class=\"elementor-sitemap-item elementor-sitemap-item-page page_item page-item-4242\"><a href=\"https:\/\/www.gardenpromenade.ca\/fr\/rideau-hall-gardens-self-guided-tour\/\">Visite Auto-Guid\u00e9e des Jardins de Rideau Hall<\/a><\/li><li class=\"elementor-sitemap-item elementor-sitemap-item-page page_item page-item-3957\"><a href=\"https:\/\/www.gardenpromenade.ca\/fr\/visite-des-jardins-de-la-ferme-experimentale-centrale\/\">Visite Autoguid\u00e9e &#8211; Des Jardins de la Ferme Exp\u00e9rimentale Centrale<\/a><\/li><li class=\"elementor-sitemap-item elementor-sitemap-item-page page_item page-item-3954\"><a href=\"https:\/\/www.gardenpromenade.ca\/fr\/visite-des-jardins-du-centre-ville-dottawa\/\">Visite Autoguid\u00e9e &#8211; Miracle-Gro Jardins du Centre-Ville d&rsquo;Ottawa<\/a><\/li><li class=\"elementor-sitemap-item elementor-sitemap-item-page page_item page-item-3951\"><a href=\"https:\/\/www.gardenpromenade.ca\/fr\/visite-des-jardins-hors-de-la-promenade\/\">Visite Autoguid\u00e9e &#8211; Des Jardins Hors de la Promenade<\/a><\/li><li class=\"elementor-sitemap-item elementor-sitemap-item-page page_item page-item-3948\"><a href=\"https:\/\/www.gardenpromenade.ca\/fr\/visite-des-jardins-du-ruisseau-de-la-brasserie-de-gatineau\/\">Visite Autoguid\u00e9e &#8211; Des Jardins du Ruisseau de la Brasserie de Gatineau<\/a><\/li><li class=\"elementor-sitemap-item elementor-sitemap-item-page page_item page-item-3437\"><a href=\"https:\/\/www.gardenpromenade.ca\/fr\/evenements\/\">\u00c9v\u00e9nements<\/a><\/li><li class=\"elementor-sitemap-item elementor-sitemap-item-page page_item page-item-3251\"><a href=\"https:\/\/www.gardenpromenade.ca\/fr\/carte-interactive-des-jardins\/\">Cartes interactives des jardins<\/a><\/li><li class=\"elementor-sitemap-item elementor-sitemap-item-page page_item page-item-2847\"><a href=\"https:\/\/www.gardenpromenade.ca\/fr\/media-releases\/\">Communiqu\u00e9s M\u00e9dias<\/a><\/li><li class=\"elementor-sitemap-item elementor-sitemap-item-page page_item page-item-2839\"><a href=\"https:\/\/www.gardenpromenade.ca\/fr\/plan-your-visit\/\">Planifiez votre visite<\/a><\/li><li class=\"elementor-sitemap-item elementor-sitemap-item-page page_item page-item-2852\"><a href=\"https:\/\/www.gardenpromenade.ca\/fr\/gardens\/\">Destinations jardins<\/a><\/li><li class=\"elementor-sitemap-item elementor-sitemap-item-page page_item page-item-2842\"><a href=\"https:\/\/www.gardenpromenade.ca\/fr\/partners\/\">Partenaires<\/a><\/li><li class=\"elementor-sitemap-item elementor-sitemap-item-page page_item page-item-2849\"><a href=\"https:\/\/www.gardenpromenade.ca\/fr\/routes-maps\/\">Parcours et cartes<\/a><\/li><li class=\"elementor-sitemap-item elementor-sitemap-item-page page_item page-item-2833\"><a href=\"https:\/\/www.gardenpromenade.ca\/fr\/prenez-un-tour-a-pied-a-velo-en-autobus-guide\/\">Prenez un tour<\/a><\/li><li class=\"elementor-sitemap-item elementor-sitemap-item-page page_item page-item-3235\"><a href=\"https:\/\/www.gardenpromenade.ca\/fr\/contact-us\/\">Contactez nous<\/a><\/li><li class=\"elementor-sitemap-item elementor-sitemap-item-page page_item page-item-1135\"><a href=\"https:\/\/www.gardenpromenade.ca\/fr\/\">Accueil<\/a><\/li><\/ul><\/div><div class=\"elementor-sitemap-section\"><h2 class=\"elementor-sitemap-title elementor-sitemap-gardens-title\">Jardins<\/h2><ul class=\"elementor-sitemap-list elementor-sitemap-gardens-list\"><li class=\"elementor-sitemap-item elementor-sitemap-item-gardens page_item page-item-3433\"><a href=\"https:\/\/www.gardenpromenade.ca\/fr\/gardens\/destination-gardens\/\">Jardins destinations<\/a><\/li><li class=\"elementor-sitemap-item elementor-sitemap-item-gardens page_item page-item-2968\"><a href=\"https:\/\/www.gardenpromenade.ca\/fr\/gardens\/feature-gardens\/\">Jardins vedettes<\/a><\/li><li class=\"elementor-sitemap-item elementor-sitemap-item-gardens page_item page-item-2967\"><a href=\"https:\/\/www.gardenpromenade.ca\/fr\/gardens\/garden-parks\/\">Parcs jardins<\/a><\/li><li class=\"elementor-sitemap-item elementor-sitemap-item-gardens page_item page-item-2966\"><a href=\"https:\/\/www.gardenpromenade.ca\/fr\/gardens\/community-gardens\/\">Jardins communautaires<\/a><\/li><li class=\"elementor-sitemap-item elementor-sitemap-item-gardens page_item page-item-2965\"><a href=\"https:\/\/www.gardenpromenade.ca\/fr\/gardens\/more-gardens\/\">Plus de jardins<\/a><\/li><li class=\"elementor-sitemap-item elementor-sitemap-item-gardens page_item page-item-3642\"><a href=\"https:\/\/www.gardenpromenade.ca\/fr\/gardens\/off-the-promenade-gardens\/\">Jardins hors de la Promenade<\/a><\/li><\/ul><\/div><div class=\"elementor-sitemap-section\"><h2 class=\"elementor-sitemap-title elementor-sitemap-garden_routes-title\">Routes et cartes<\/h2><ul class=\"elementor-sitemap-list elementor-sitemap-garden_routes-list\"><li class=\"elementor-sitemap-item elementor-sitemap-item-garden_routes page_item page-item-2971\"><a href=\"https:\/\/www.gardenpromenade.ca\/fr\/garden_routes\/off-the-promenade\/\">Jardins hors de la Promenade<\/a><\/li><li class=\"elementor-sitemap-item elementor-sitemap-item-garden_routes page_item page-item-2972\"><a href=\"https:\/\/www.gardenpromenade.ca\/fr\/garden_routes\/more-gardens\/\">Plus de jardins<\/a><\/li><li class=\"elementor-sitemap-item elementor-sitemap-item-garden_routes page_item page-item-2973\"><a href=\"https:\/\/www.gardenpromenade.ca\/fr\/garden_routes\/centre-ville-gatineau\/\">Parcours du centre-ville de Gatineau<\/a><\/li><li class=\"elementor-sitemap-item elementor-sitemap-item-garden_routes page_item page-item-2974\"><a href=\"https:\/\/www.gardenpromenade.ca\/fr\/garden_routes\/miracle-gro-downtown-garden-route\/\">Parcours jardin du centre-ville Miracle-Gro<\/a><\/li><li class=\"elementor-sitemap-item elementor-sitemap-item-garden_routes page_item page-item-2975\"><a href=\"https:\/\/www.gardenpromenade.ca\/fr\/garden_routes\/sussex-drive\/\">Promenade Sussex<\/a><\/li><li class=\"elementor-sitemap-item elementor-sitemap-item-garden_routes page_item page-item-2976\"><a href=\"https:\/\/www.gardenpromenade.ca\/fr\/garden_routes\/central-experimental-farm\/\">Ferme exp\u00e9rimentale centrale<\/a><\/li><\/ul><\/div><\/div>\t\t<\/div>\n\t\t\t\t<\/div>\n\t\t\t\t\t\t<\/div>\n\t\t\t\t\t<\/div>\n\t\t<\/div>\n\t\t\t\t\t\t\t\t<\/div>\n\t\t\t\t\t<\/div>\n\t\t<\/section>\n\t\t\t\t\t\t<\/div>\n\t\t\t\t\t\t<\/div>\n\t\t\t\t\t<\/div>\n\t\t","protected":false},"excerpt":{"rendered":"<p>COMMUNIQU\u00c9S M\u00c9DIAS<\/p>\n","protected":false},"author":1,"featured_media":0,"parent":0,"menu_order":0,"comment_status":"closed","ping_status":"closed","template":"elementor_header_footer","meta":{"_monsterinsights_skip_tracking":false,"_monsterinsights_sitenote_active":false,"_monsterinsights_sitenote_note":"","_monsterinsights_sitenote_category":0},"yoast_head":"<!-- This site is optimized with the Yoast SEO plugin v17.1 - https:\/\/yoast.com\/wordpress\/plugins\/seo\/ -->\n<title>Communiqu\u00e9s M\u00e9dias &ndash; Garden Promenade<\/title>\n<meta name=\"robots\" content=\"index, follow, max-snippet:-1, max-image-preview:large, max-video-preview:-1\" \/>\n<link rel=\"canonical\" href=\"https:\/\/www.gardenpromenade.ca\/fr\/media-releases\/\" \/>\n<meta property=\"og:locale\" content=\"fr_FR\" \/>\n<meta property=\"og:type\" content=\"article\" \/>\n<meta property=\"og:title\" content=\"Communiqu\u00e9s M\u00e9dias &ndash; Garden Promenade\" \/>\n<meta property=\"og:description\" content=\"COMMUNIQU\u00c9S M\u00c9DIAS\" \/>\n<meta property=\"og:url\" content=\"https:\/\/www.gardenpromenade.ca\/fr\/media-releases\/\" \/>\n<meta property=\"og:site_name\" content=\"Garden Promenade\" \/>\n<meta property=\"article:publisher\" content=\"https:\/\/www.facebook.com\/gardenpromenade\/\" \/>\n<meta property=\"article:modified_time\" content=\"2019-06-19T17:09:02+00:00\" \/>\n<meta name=\"twitter:card\" content=\"summary_large_image\" \/>\n<meta name=\"twitter:site\" content=\"@gardenpromenade\" \/>\n<script type=\"application\/ld+json\" class=\"yoast-schema-graph\">{\"@context\":\"https:\/\/schema.org\",\"@graph\":[{\"@type\":\"WebSite\",\"@id\":\"https:\/\/www.gardenpromenade.ca\/#website\",\"url\":\"https:\/\/www.gardenpromenade.ca\/\",\"name\":\"Garden Promenade\",\"description\":\"Explore Ottawa-Gatineau&#039;s Gardens\",\"potentialAction\":[{\"@type\":\"SearchAction\",\"target\":{\"@type\":\"EntryPoint\",\"urlTemplate\":\"https:\/\/www.gardenpromenade.ca\/?s={search_term_string}\"},\"query-input\":\"required name=search_term_string\"}],\"inLanguage\":\"fr-FR\"},{\"@type\":\"WebPage\",\"@id\":\"https:\/\/www.gardenpromenade.ca\/fr\/media-releases\/#webpage\",\"url\":\"https:\/\/www.gardenpromenade.ca\/fr\/media-releases\/\",\"name\":\"Communiqu\\u00e9s M\\u00e9dias &ndash; Garden Promenade\",\"isPartOf\":{\"@id\":\"https:\/\/www.gardenpromenade.ca\/#website\"},\"datePublished\":\"2019-06-06T01:41:40+00:00\",\"dateModified\":\"2019-06-19T17:09:02+00:00\",\"breadcrumb\":{\"@id\":\"https:\/\/www.gardenpromenade.ca\/fr\/media-releases\/#breadcrumb\"},\"inLanguage\":\"fr-FR\",\"potentialAction\":[{\"@type\":\"ReadAction\",\"target\":[\"https:\/\/www.gardenpromenade.ca\/fr\/media-releases\/\"]}]},{\"@type\":\"BreadcrumbList\",\"@id\":\"https:\/\/www.gardenpromenade.ca\/fr\/media-releases\/#breadcrumb\",\"itemListElement\":[{\"@type\":\"ListItem\",\"position\":1,\"name\":\"Home\",\"item\":\"https:\/\/www.gardenpromenade.ca\/fr\/\"},{\"@type\":\"ListItem\",\"position\":2,\"name\":\"Communiqu\\u00e9s M\\u00e9dias\"}]}]}<\/script>\n<!-- \/ Yoast SEO plugin. -->","yoast_head_json":{"title":"Communiqu\u00e9s M\u00e9dias &ndash; Garden Promenade","robots":{"index":"index","follow":"follow","max-snippet":"max-snippet:-1","max-image-preview":"max-image-preview:large","max-video-preview":"max-video-preview:-1"},"canonical":"https:\/\/www.gardenpromenade.ca\/fr\/media-releases\/","og_locale":"fr_FR","og_type":"article","og_title":"Communiqu\u00e9s M\u00e9dias &ndash; Garden Promenade","og_description":"COMMUNIQU\u00c9S M\u00c9DIAS","og_url":"https:\/\/www.gardenpromenade.ca\/fr\/media-releases\/","og_site_name":"Garden Promenade","article_publisher":"https:\/\/www.facebook.com\/gardenpromenade\/","article_modified_time":"2019-06-19T17:09:02+00:00","twitter_card":"summary_large_image","twitter_site":"@gardenpromenade","schema":{"@context":"https:\/\/schema.org","@graph":[{"@type":"WebSite","@id":"https:\/\/www.gardenpromenade.ca\/#website","url":"https:\/\/www.gardenpromenade.ca\/","name":"Garden Promenade","description":"Explore Ottawa-Gatineau&#039;s Gardens","potentialAction":[{"@type":"SearchAction","target":{"@type":"EntryPoint","urlTemplate":"https:\/\/www.gardenpromenade.ca\/?s={search_term_string}"},"query-input":"required name=search_term_string"}],"inLanguage":"fr-FR"},{"@type":"WebPage","@id":"https:\/\/www.gardenpromenade.ca\/fr\/media-releases\/#webpage","url":"https:\/\/www.gardenpromenade.ca\/fr\/media-releases\/","name":"Communiqu\u00e9s M\u00e9dias &ndash; Garden Promenade","isPartOf":{"@id":"https:\/\/www.gardenpromenade.ca\/#website"},"datePublished":"2019-06-06T01:41:40+00:00","dateModified":"2019-06-19T17:09:02+00:00","breadcrumb":{"@id":"https:\/\/www.gardenpromenade.ca\/fr\/media-releases\/#breadcrumb"},"inLanguage":"fr-FR","potentialAction":[{"@type":"ReadAction","target":["https:\/\/www.gardenpromenade.ca\/fr\/media-releases\/"]}]},{"@type":"BreadcrumbList","@id":"https:\/\/www.gardenpromenade.ca\/fr\/media-releases\/#breadcrumb","itemListElement":[{"@type":"ListItem","position":1,"name":"Home","item":"https:\/\/www.gardenpromenade.ca\/fr\/"},{"@type":"ListItem","position":2,"name":"Communiqu\u00e9s M\u00e9dias"}]}]}},"_links":{"self":[{"href":"https:\/\/www.gardenpromenade.ca\/fr\/wp-json\/wp\/v2\/pages\/2847"}],"collection":[{"href":"https:\/\/www.gardenpromenade.ca\/fr\/wp-json\/wp\/v2\/pages"}],"about":[{"href":"https:\/\/www.gardenpromenade.ca\/fr\/wp-json\/wp\/v2\/types\/page"}],"author":[{"embeddable":true,"href":"https:\/\/www.gardenpromenade.ca\/fr\/wp-json\/wp\/v2\/users\/1"}],"replies":[{"embeddable":true,"href":"https:\/\/www.gardenpromenade.ca\/fr\/wp-json\/wp\/v2\/comments?post=2847"}],"version-history":[{"count":6,"href":"https:\/\/www.gardenpromenade.ca\/fr\/wp-json\/wp\/v2\/pages\/2847\/revisions"}],"predecessor-version":[{"id":3397,"href":"https:\/\/www.gardenpromenade.ca\/fr\/wp-json\/wp\/v2\/pages\/2847\/revisions\/3397"}],"wp:attachment":[{"href":"https:\/\/www.gardenpromenade.ca\/fr\/wp-json\/wp\/v2\/media?parent=2847"}],"curies":[{"name":"wp","href":"https:\/\/api.w.org\/{rel}","templated":true}]}}