{"id":2852,"date":"2019-06-04T18:51:43","date_gmt":"2019-06-04T18:51:43","guid":{"rendered":"https:\/\/gp.sarvanshu.com\/gardens\/"},"modified":"2019-06-26T13:46:07","modified_gmt":"2019-06-26T13:46:07","slug":"gardens","status":"publish","type":"page","link":"https:\/\/www.gardenpromenade.ca\/fr\/gardens\/","title":{"rendered":"Destinations jardins"},"content":{"rendered":"\t\t<div data-elementor-type=\"wp-post\" data-elementor-id=\"2852\" class=\"elementor elementor-2852 elementor-1176\" data-elementor-settings=\"[]\">\n\t\t\t\t\t\t<div class=\"elementor-inner\">\n\t\t\t\t\t\t\t<div class=\"elementor-section-wrap\">\n\t\t\t\t\t\t\t<section class=\"elementor-section elementor-top-section elementor-element elementor-element-caf0a41 elementor-section-stretched elementor-section-boxed elementor-section-height-default elementor-section-height-default\" data-id=\"caf0a41\" data-element_type=\"section\" data-settings=\"{&quot;background_background&quot;:&quot;gradient&quot;,&quot;stretch_section&quot;:&quot;section-stretched&quot;,&quot;shape_divider_bottom&quot;:&quot;arrow&quot;,&quot;shape_divider_bottom_negative&quot;:&quot;yes&quot;}\">\n\t\t\t\t\t\t\t<div class=\"elementor-background-overlay\"><\/div>\n\t\t\t\t\t\t<div class=\"elementor-shape elementor-shape-bottom\" data-negative=\"true\">\n\t\t\t<svg xmlns=\"http:\/\/www.w3.org\/2000\/svg\" viewBox=\"0 0 700 10\" preserveAspectRatio=\"none\">\n\t<path class=\"elementor-shape-fill\" d=\"M360 0L350 9.9 340 0 0 0 0 10 700 10 700 0\"\/>\n<\/svg>\t\t<\/div>\n\t\t\t\t\t<div class=\"elementor-container elementor-column-gap-default\">\n\t\t\t\t\t\t\t<div class=\"elementor-row\">\n\t\t\t\t\t<div class=\"elementor-column elementor-col-50 elementor-top-column elementor-element elementor-element-06561b7\" data-id=\"06561b7\" data-element_type=\"column\">\n\t\t\t<div class=\"elementor-column-wrap elementor-element-populated\">\n\t\t\t\t\t\t\t<div class=\"elementor-widget-wrap\">\n\t\t\t\t\t\t<div class=\"elementor-element elementor-element-9c30c97 elementor-widget elementor-widget-heading\" data-id=\"9c30c97\" data-element_type=\"widget\" data-widget_type=\"heading.default\">\n\t\t\t\t<div class=\"elementor-widget-container\">\n\t\t\t<h2 class=\"elementor-heading-title elementor-size-default\">Un choix de 75 jardins<\/h2>\t\t<\/div>\n\t\t\t\t<\/div>\n\t\t\t\t<div class=\"elementor-element elementor-element-486e639 elementor-widget elementor-widget-text-editor\" data-id=\"486e639\" data-element_type=\"widget\" data-widget_type=\"text-editor.default\">\n\t\t\t\t<div class=\"elementor-widget-container\">\n\t\t\t\t\t\t\t\t<div class=\"elementor-text-editor elementor-clearfix\">\n\t\t\t\t\t<p>C\u2019est une vitrine de 75 jardins offrant des exp\u00e9riences uniques de jardin. L\u2019itin\u00e9raire passe de Rideau Hall jusqu\u2019\u00e0 la Ferme exp\u00e9rimentale centrale, puis jusqu\u2019aux Plaines LeBreton. Vous pouvez continuer \u00e0 la promenade Sussex via la rue Wellington, ou en passant par Gatineau. La Promenade des jardins comprend le Canal Rideau, site du Patrimoine mondial de l\u2019UNESCO et des pistes cyclables et pi\u00e9tonnes.<\/p>\t\t\t\t\t<\/div>\n\t\t\t\t\t\t<\/div>\n\t\t\t\t<\/div>\n\t\t\t\t<div class=\"elementor-element elementor-element-a9b3993 elementor-align-left elementor-widget elementor-widget-button\" data-id=\"a9b3993\" data-element_type=\"widget\" data-widget_type=\"button.default\">\n\t\t\t\t<div class=\"elementor-widget-container\">\n\t\t\t\t\t<div class=\"elementor-button-wrapper\">\n\t\t\t<a href=\"#gardenslist\" class=\"elementor-button-link elementor-button elementor-size-md\" role=\"button\">\n\t\t\t\t\t\t<span class=\"elementor-button-content-wrapper\">\n\t\t\t\t\t\t<span class=\"elementor-button-icon elementor-align-icon-right\">\n\t\t\t\t\t\t\t\t\t<i class=\"fa fa-long-arrow-right\" aria-hidden=\"true\"><\/i>\n\t\t\t\t\t\t\t<\/span>\n\t\t\t\t\t\t<span class=\"elementor-button-text\">Parcourez<\/span>\n\t\t<\/span>\n\t\t\t\t\t<\/a>\n\t\t<\/div>\n\t\t\t\t<\/div>\n\t\t\t\t<\/div>\n\t\t\t\t\t\t<\/div>\n\t\t\t\t\t<\/div>\n\t\t<\/div>\n\t\t\t\t<div class=\"elementor-column elementor-col-50 elementor-top-column elementor-element elementor-element-cf24e8e\" data-id=\"cf24e8e\" data-element_type=\"column\">\n\t\t\t<div class=\"elementor-column-wrap elementor-element-populated\">\n\t\t\t\t\t\t\t<div class=\"elementor-widget-wrap\">\n\t\t\t\t\t\t<div class=\"elementor-element elementor-element-bae3870 elementor-widget elementor-widget-image\" data-id=\"bae3870\" data-element_type=\"widget\" data-widget_type=\"image.default\">\n\t\t\t\t<div class=\"elementor-widget-container\">\n\t\t\t\t\t\t\t\t<div class=\"elementor-image\">\n\t\t\t\t\t\t\t\t\t\t\t\t<img width=\"267\" height=\"300\" src=\"https:\/\/www.gardenpromenade.ca\/wp-content\/uploads\/2019\/06\/Gardens-Ottawa-267x300.png\" class=\"attachment-medium size-medium\" alt=\"\" loading=\"lazy\" srcset=\"https:\/\/www.gardenpromenade.ca\/wp-content\/uploads\/2019\/06\/Gardens-Ottawa-267x300.png 267w, https:\/\/www.gardenpromenade.ca\/wp-content\/uploads\/2019\/06\/Gardens-Ottawa-768x864.png 768w, https:\/\/www.gardenpromenade.ca\/wp-content\/uploads\/2019\/06\/Gardens-Ottawa.png 800w\" sizes=\"(max-width: 267px) 100vw, 267px\" \/>\t\t\t\t\t\t\t\t\t\t\t\t\t\t<\/div>\n\t\t\t\t\t\t<\/div>\n\t\t\t\t<\/div>\n\t\t\t\t\t\t<\/div>\n\t\t\t\t\t<\/div>\n\t\t<\/div>\n\t\t\t\t\t\t\t\t<\/div>\n\t\t\t\t\t<\/div>\n\t\t<\/section>\n\t\t\t\t<section class=\"elementor-section elementor-top-section elementor-element elementor-element-250bb88 elementor-section-boxed elementor-section-height-default elementor-section-height-default\" data-id=\"250bb88\" data-element_type=\"section\">\n\t\t\t\t\t\t<div class=\"elementor-container elementor-column-gap-default\">\n\t\t\t\t\t\t\t<div class=\"elementor-row\">\n\t\t\t\t\t<div class=\"elementor-column elementor-col-100 elementor-top-column elementor-element elementor-element-f6049fd\" data-id=\"f6049fd\" data-element_type=\"column\">\n\t\t\t<div class=\"elementor-column-wrap elementor-element-populated\">\n\t\t\t\t\t\t\t<div class=\"elementor-widget-wrap\">\n\t\t\t\t\t\t<div class=\"elementor-element elementor-element-299c916 elementor-widget elementor-widget-menu-anchor\" data-id=\"299c916\" data-element_type=\"widget\" data-widget_type=\"menu-anchor.default\">\n\t\t\t\t<div class=\"elementor-widget-container\">\n\t\t\t\t\t<div id=\"gardenslist\" class=\"elementor-menu-anchor\"><\/div>\n\t\t\t\t<\/div>\n\t\t\t\t<\/div>\n\t\t\t\t\t\t<\/div>\n\t\t\t\t\t<\/div>\n\t\t<\/div>\n\t\t\t\t\t\t\t\t<\/div>\n\t\t\t\t\t<\/div>\n\t\t<\/section>\n\t\t\t\t<section class=\"elementor-section elementor-top-section elementor-element elementor-element-5df6f1d9 elementor-section-boxed elementor-section-height-default elementor-section-height-default\" data-id=\"5df6f1d9\" data-element_type=\"section\">\n\t\t\t\t\t\t<div class=\"elementor-container elementor-column-gap-default\">\n\t\t\t\t\t\t\t<div class=\"elementor-row\">\n\t\t\t\t\t<div class=\"elementor-column elementor-col-100 elementor-top-column elementor-element elementor-element-253374e5\" data-id=\"253374e5\" data-element_type=\"column\">\n\t\t\t<div class=\"elementor-column-wrap elementor-element-populated\">\n\t\t\t\t\t\t\t<div class=\"elementor-widget-wrap\">\n\t\t\t\t\t\t<div class=\"elementor-element elementor-element-61c22fc5 elementor-widget elementor-widget-spacer\" data-id=\"61c22fc5\" data-element_type=\"widget\" data-widget_type=\"spacer.default\">\n\t\t\t\t<div class=\"elementor-widget-container\">\n\t\t\t\t\t<div class=\"elementor-spacer\">\n\t\t\t<div class=\"elementor-spacer-inner\"><\/div>\n\t\t<\/div>\n\t\t\t\t<\/div>\n\t\t\t\t<\/div>\n\t\t\t\t<div class=\"elementor-element elementor-element-7daeb98 elementor-posts--align-left elementor-widget__width-inherit elementor-grid-3 elementor-grid-tablet-2 elementor-grid-mobile-1 elementor-posts--thumbnail-top elementor-card-shadow-yes elementor-posts__hover-gradient elementor-invisible elementor-widget elementor-widget-posts\" data-id=\"7daeb98\" data-element_type=\"widget\" data-settings=\"{&quot;cards_row_gap&quot;:{&quot;unit&quot;:&quot;px&quot;,&quot;size&quot;:16,&quot;sizes&quot;:[]},&quot;_animation&quot;:&quot;bounceIn&quot;,&quot;cards_columns&quot;:&quot;3&quot;,&quot;cards_columns_tablet&quot;:&quot;2&quot;,&quot;cards_columns_mobile&quot;:&quot;1&quot;}\" data-widget_type=\"posts.cards\">\n\t\t\t\t<div class=\"elementor-widget-container\">\n\t\t\t\t\t<div class=\"elementor-posts-container elementor-posts elementor-posts--skin-cards elementor-grid\">\n\t\t\t\t<article class=\"elementor-post elementor-grid-item post-3433 gardens type-gardens status-publish has-post-thumbnail hentry category-destinations-gardens-fr\">\n\t\t\t<div class=\"elementor-post__card\">\n\t\t\t\t<a class=\"elementor-post__thumbnail__link\" href=\"https:\/\/www.gardenpromenade.ca\/fr\/gardens\/destination-gardens\/\" >\n\t\t\t<div class=\"elementor-post__thumbnail\"><img width=\"300\" height=\"203\" src=\"https:\/\/www.gardenpromenade.ca\/wp-content\/uploads\/2019\/05\/Destination-Garden-768x520-300x203.jpg\" class=\"attachment-medium size-medium\" alt=\"\" loading=\"lazy\" srcset=\"https:\/\/www.gardenpromenade.ca\/wp-content\/uploads\/2019\/05\/Destination-Garden-768x520-300x203.jpg 300w, https:\/\/www.gardenpromenade.ca\/wp-content\/uploads\/2019\/05\/Destination-Garden-768x520.jpg 768w\" sizes=\"(max-width: 300px) 100vw, 300px\" \/><\/div>\n\t\t<\/a>\n\t\t\t\t<div class=\"elementor-post__badge\">JARDINS DESTINATIONS<\/div>\n\t\t\t\t<div class=\"elementor-post__text\">\n\t\t\t\t<div class=\"elementor-post__excerpt\">\n\t\t\t<p>&nbsp; LE TOIT VERT DU MUS\u00c9E CANADIEN DE LA GUERRE Nom du jardin :\u00a0 Le Toit vert du Mus\u00e9e canadien de la guerre Lieu :<\/p>\n\t\t<\/div>\n\t\t\t\t\t<a class=\"elementor-post__read-more\" href=\"https:\/\/www.gardenpromenade.ca\/fr\/gardens\/destination-gardens\/\" >\n\t\t\t\tVOIR \u00bb\t\t\t<\/a>\n\t\t\t\t<\/div>\n\t\t\t\t\t<\/div>\n\t\t<\/article>\n\t\t\t\t<article class=\"elementor-post elementor-grid-item post-2968 gardens type-gardens status-publish has-post-thumbnail hentry category-feature-gardens-fr\">\n\t\t\t<div class=\"elementor-post__card\">\n\t\t\t\t<a class=\"elementor-post__thumbnail__link\" href=\"https:\/\/www.gardenpromenade.ca\/fr\/gardens\/feature-gardens\/\" >\n\t\t\t<div class=\"elementor-post__thumbnail\"><img width=\"300\" height=\"156\" src=\"https:\/\/www.gardenpromenade.ca\/wp-content\/uploads\/2019\/05\/Feature-Gardens-1024x532-300x156.jpg\" class=\"attachment-medium size-medium\" alt=\"\" loading=\"lazy\" srcset=\"https:\/\/www.gardenpromenade.ca\/wp-content\/uploads\/2019\/05\/Feature-Gardens-1024x532-300x156.jpg 300w, https:\/\/www.gardenpromenade.ca\/wp-content\/uploads\/2019\/05\/Feature-Gardens-1024x532-768x399.jpg 768w, https:\/\/www.gardenpromenade.ca\/wp-content\/uploads\/2019\/05\/Feature-Gardens-1024x532.jpg 1024w\" sizes=\"(max-width: 300px) 100vw, 300px\" \/><\/div>\n\t\t<\/a>\n\t\t\t\t<div class=\"elementor-post__badge\">JARDINS VEDETTES<\/div>\n\t\t\t\t<div class=\"elementor-post__text\">\n\t\t\t\t<div class=\"elementor-post__excerpt\">\n\t\t\t<p>Le 50 SUSSEX JARDIN INTERNATIONAL DE LA PAIX Nom du jardin :\u00a0 Jardin international de la paix Lieu : 50, prom. Sussex, Ottawa Adresse :<\/p>\n\t\t<\/div>\n\t\t\t\t\t<a class=\"elementor-post__read-more\" href=\"https:\/\/www.gardenpromenade.ca\/fr\/gardens\/feature-gardens\/\" >\n\t\t\t\tVOIR \u00bb\t\t\t<\/a>\n\t\t\t\t<\/div>\n\t\t\t\t\t<\/div>\n\t\t<\/article>\n\t\t\t\t<article class=\"elementor-post elementor-grid-item post-2967 gardens type-gardens status-publish has-post-thumbnail hentry category-garden-parks-fr\">\n\t\t\t<div class=\"elementor-post__card\">\n\t\t\t\t<a class=\"elementor-post__thumbnail__link\" href=\"https:\/\/www.gardenpromenade.ca\/fr\/gardens\/garden-parks\/\" >\n\t\t\t<div class=\"elementor-post__thumbnail\"><img width=\"300\" height=\"197\" src=\"https:\/\/www.gardenpromenade.ca\/wp-content\/uploads\/2019\/05\/Tulip2009_025_MajHillP_NatGal_Sarah-1024x671-300x197.jpg\" class=\"attachment-medium size-medium\" alt=\"\" loading=\"lazy\" srcset=\"https:\/\/www.gardenpromenade.ca\/wp-content\/uploads\/2019\/05\/Tulip2009_025_MajHillP_NatGal_Sarah-1024x671-300x197.jpg 300w, https:\/\/www.gardenpromenade.ca\/wp-content\/uploads\/2019\/05\/Tulip2009_025_MajHillP_NatGal_Sarah-1024x671-768x503.jpg 768w, https:\/\/www.gardenpromenade.ca\/wp-content\/uploads\/2019\/05\/Tulip2009_025_MajHillP_NatGal_Sarah-1024x671.jpg 1024w\" sizes=\"(max-width: 300px) 100vw, 300px\" \/><\/div>\n\t\t<\/a>\n\t\t\t\t<div class=\"elementor-post__badge\">Parcs jardins<\/div>\n\t\t\t\t<div class=\"elementor-post__text\">\n\t\t\t\t<div class=\"elementor-post__excerpt\">\n\t\t\t<p>JARDINS DU PARC DES COMMISSAIRES Nom du jardin : Jardins du Parc des Commissaires Lieu : Parc des Commissaires Adresse : prom. Queen Elizabeth et<\/p>\n\t\t<\/div>\n\t\t\t\t\t<a class=\"elementor-post__read-more\" href=\"https:\/\/www.gardenpromenade.ca\/fr\/gardens\/garden-parks\/\" >\n\t\t\t\tVOIR \u00bb\t\t\t<\/a>\n\t\t\t\t<\/div>\n\t\t\t\t\t<\/div>\n\t\t<\/article>\n\t\t\t\t<article class=\"elementor-post elementor-grid-item post-2966 gardens type-gardens status-publish has-post-thumbnail hentry category-community-gardens-fr\">\n\t\t\t<div class=\"elementor-post__card\">\n\t\t\t\t<a class=\"elementor-post__thumbnail__link\" href=\"https:\/\/www.gardenpromenade.ca\/fr\/gardens\/community-gardens\/\" >\n\t\t\t<div class=\"elementor-post__thumbnail\"><img width=\"300\" height=\"169\" src=\"https:\/\/www.gardenpromenade.ca\/wp-content\/uploads\/2019\/06\/Community-Garden-300x169.jpg\" class=\"attachment-medium size-medium\" alt=\"\" loading=\"lazy\" srcset=\"https:\/\/www.gardenpromenade.ca\/wp-content\/uploads\/2019\/06\/Community-Garden-300x169.jpg 300w, https:\/\/www.gardenpromenade.ca\/wp-content\/uploads\/2019\/06\/Community-Garden.jpg 760w\" sizes=\"(max-width: 300px) 100vw, 300px\" \/><\/div>\n\t\t<\/a>\n\t\t\t\t<div class=\"elementor-post__badge\">Jardins communautaires<\/div>\n\t\t\t\t<div class=\"elementor-post__text\">\n\t\t\t\t<div class=\"elementor-post__excerpt\">\n\t\t\t<p>\u00c0 propos du r\u00e9seau de jardinage communautaire Ce r\u00e9seau a d\u00e9but\u00e9 \u00e0 Ottawa en 1997, il a 22 ans cette ann\u00e9e! Install\u00e9 \u00e0 l\u2019organisation Just<\/p>\n\t\t<\/div>\n\t\t\t\t\t<a class=\"elementor-post__read-more\" href=\"https:\/\/www.gardenpromenade.ca\/fr\/gardens\/community-gardens\/\" >\n\t\t\t\tVOIR \u00bb\t\t\t<\/a>\n\t\t\t\t<\/div>\n\t\t\t\t\t<\/div>\n\t\t<\/article>\n\t\t\t\t<article class=\"elementor-post elementor-grid-item post-2965 gardens type-gardens status-publish has-post-thumbnail hentry category-more-gardens-fr\">\n\t\t\t<div class=\"elementor-post__card\">\n\t\t\t\t<a class=\"elementor-post__thumbnail__link\" href=\"https:\/\/www.gardenpromenade.ca\/fr\/gardens\/more-gardens\/\" >\n\t\t\t<div class=\"elementor-post__thumbnail\"><img width=\"300\" height=\"150\" src=\"https:\/\/www.gardenpromenade.ca\/wp-content\/uploads\/2019\/06\/Garden-Promenade-about-1024x511-300x150.jpg\" class=\"attachment-medium size-medium\" alt=\"\" loading=\"lazy\" srcset=\"https:\/\/www.gardenpromenade.ca\/wp-content\/uploads\/2019\/06\/Garden-Promenade-about-1024x511-300x150.jpg 300w, https:\/\/www.gardenpromenade.ca\/wp-content\/uploads\/2019\/06\/Garden-Promenade-about-1024x511-768x383.jpg 768w, https:\/\/www.gardenpromenade.ca\/wp-content\/uploads\/2019\/06\/Garden-Promenade-about-1024x511.jpg 1024w\" sizes=\"(max-width: 300px) 100vw, 300px\" \/><\/div>\n\t\t<\/a>\n\t\t\t\t<div class=\"elementor-post__badge\">PLUS DE JARDINS<\/div>\n\t\t\t\t<div class=\"elementor-post__text\">\n\t\t\t\t<div class=\"elementor-post__excerpt\">\n\t\t\t<p>JARDIN DE LA PLACE DE LA BANQUE DU CANADA Nom du jardin : Jardin de la Place de la Banque du Canada &#8211; Jardin terrasse<\/p>\n\t\t<\/div>\n\t\t\t\t\t<a class=\"elementor-post__read-more\" href=\"https:\/\/www.gardenpromenade.ca\/fr\/gardens\/more-gardens\/\" >\n\t\t\t\tVOIR \u00bb\t\t\t<\/a>\n\t\t\t\t<\/div>\n\t\t\t\t\t<\/div>\n\t\t<\/article>\n\t\t\t\t<article class=\"elementor-post elementor-grid-item post-3642 gardens type-gardens status-publish has-post-thumbnail hentry category-hors-des-jardins-de-la-promenade\">\n\t\t\t<div class=\"elementor-post__card\">\n\t\t\t\t<a class=\"elementor-post__thumbnail__link\" href=\"https:\/\/www.gardenpromenade.ca\/fr\/gardens\/off-the-promenade-gardens\/\" >\n\t\t\t<div class=\"elementor-post__thumbnail\"><img width=\"300\" height=\"169\" src=\"https:\/\/www.gardenpromenade.ca\/wp-content\/uploads\/2019\/06\/Garden-Promenade-Routes-map-Ottawa-300x169.png\" class=\"attachment-medium size-medium\" alt=\"Garden-Promenade-Routes-map-Ottawa\" loading=\"lazy\" srcset=\"https:\/\/www.gardenpromenade.ca\/wp-content\/uploads\/2019\/06\/Garden-Promenade-Routes-map-Ottawa-300x169.png 300w, https:\/\/www.gardenpromenade.ca\/wp-content\/uploads\/2019\/06\/Garden-Promenade-Routes-map-Ottawa-768x433.png 768w, https:\/\/www.gardenpromenade.ca\/wp-content\/uploads\/2019\/06\/Garden-Promenade-Routes-map-Ottawa-1024x577.png 1024w, https:\/\/www.gardenpromenade.ca\/wp-content\/uploads\/2019\/06\/Garden-Promenade-Routes-map-Ottawa.png 1569w\" sizes=\"(max-width: 300px) 100vw, 300px\" \/><\/div>\n\t\t<\/a>\n\t\t\t\t<div class=\"elementor-post__badge\">Jardins hors de la Promenade<\/div>\n\t\t\t\t<div class=\"elementor-post__text\">\n\t\t\t\t<div class=\"elementor-post__excerpt\">\n\t\t\t<p>JARDINS DU CIMETI\u00c8RE BEECHWOOD Nom du jardin : Jardins du cimeti\u00e8re Beechwood Lieu : Cimeti\u00e8re Beechwood Adresse : 280, ave Beechwood, Ottawa,ON K1L 8A6 Parcours<\/p>\n\t\t<\/div>\n\t\t\t\t\t<a class=\"elementor-post__read-more\" href=\"https:\/\/www.gardenpromenade.ca\/fr\/gardens\/off-the-promenade-gardens\/\" >\n\t\t\t\tVOIR \u00bb\t\t\t<\/a>\n\t\t\t\t<\/div>\n\t\t\t\t\t<\/div>\n\t\t<\/article>\n\t\t\t\t<\/div>\n\t\t\t\t<\/div>\n\t\t\t\t<\/div>\n\t\t\t\t\t\t<\/div>\n\t\t\t\t\t<\/div>\n\t\t<\/div>\n\t\t\t\t\t\t\t\t<\/div>\n\t\t\t\t\t<\/div>\n\t\t<\/section>\n\t\t\t\t\t\t<\/div>\n\t\t\t\t\t\t<\/div>\n\t\t\t\t\t<\/div>\n\t\t","protected":false},"excerpt":{"rendered":"<p>Un choix de 75 jardins C\u2019est une vitrine de 75 jardins offrant des exp\u00e9riences uniques de jardin. L\u2019itin\u00e9raire passe de Rideau Hall jusqu\u2019\u00e0 la Ferme exp\u00e9rimentale centrale, puis jusqu\u2019aux Plaines LeBreton. Vous pouvez continuer \u00e0 la promenade Sussex via la rue Wellington, ou en passant par Gatineau. La Promenade des jardins comprend le Canal Rideau, [&hellip;]<\/p>\n","protected":false},"author":1,"featured_media":0,"parent":0,"menu_order":0,"comment_status":"closed","ping_status":"closed","template":"elementor_header_footer","meta":{"_monsterinsights_skip_tracking":false,"_monsterinsights_sitenote_active":false,"_monsterinsights_sitenote_note":"","_monsterinsights_sitenote_category":0},"yoast_head":"<!-- This site is optimized with the Yoast SEO plugin v17.1 - https:\/\/yoast.com\/wordpress\/plugins\/seo\/ -->\n<title>Destinations jardins &ndash; Garden Promenade<\/title>\n<meta name=\"robots\" content=\"index, follow, max-snippet:-1, max-image-preview:large, max-video-preview:-1\" \/>\n<link rel=\"canonical\" href=\"https:\/\/www.gardenpromenade.ca\/fr\/gardens\/\" \/>\n<meta property=\"og:locale\" content=\"fr_FR\" \/>\n<meta property=\"og:type\" content=\"article\" \/>\n<meta property=\"og:title\" content=\"Destinations jardins &ndash; Garden Promenade\" \/>\n<meta property=\"og:description\" content=\"Un choix de 75 jardins C\u2019est une vitrine de 75 jardins offrant des exp\u00e9riences uniques de jardin. L\u2019itin\u00e9raire passe de Rideau Hall jusqu\u2019\u00e0 la Ferme exp\u00e9rimentale centrale, puis jusqu\u2019aux Plaines LeBreton. Vous pouvez continuer \u00e0 la promenade Sussex via la rue Wellington, ou en passant par Gatineau. La Promenade des jardins comprend le Canal Rideau, [&hellip;]\" \/>\n<meta property=\"og:url\" content=\"https:\/\/www.gardenpromenade.ca\/fr\/gardens\/\" \/>\n<meta property=\"og:site_name\" content=\"Garden Promenade\" \/>\n<meta property=\"article:publisher\" content=\"https:\/\/www.facebook.com\/gardenpromenade\/\" \/>\n<meta property=\"article:modified_time\" content=\"2019-06-26T13:46:07+00:00\" \/>\n<meta property=\"og:image\" content=\"https:\/\/www.gardenpromenade.ca\/wp-content\/uploads\/2019\/06\/Gardens-Ottawa-267x300.png\" \/>\n<meta name=\"twitter:card\" content=\"summary_large_image\" \/>\n<meta name=\"twitter:site\" content=\"@gardenpromenade\" \/>\n<script type=\"application\/ld+json\" class=\"yoast-schema-graph\">{\"@context\":\"https:\/\/schema.org\",\"@graph\":[{\"@type\":\"WebSite\",\"@id\":\"https:\/\/www.gardenpromenade.ca\/#website\",\"url\":\"https:\/\/www.gardenpromenade.ca\/\",\"name\":\"Garden Promenade\",\"description\":\"Explore Ottawa-Gatineau&#039;s Gardens\",\"potentialAction\":[{\"@type\":\"SearchAction\",\"target\":{\"@type\":\"EntryPoint\",\"urlTemplate\":\"https:\/\/www.gardenpromenade.ca\/?s={search_term_string}\"},\"query-input\":\"required name=search_term_string\"}],\"inLanguage\":\"fr-FR\"},{\"@type\":\"ImageObject\",\"@id\":\"https:\/\/www.gardenpromenade.ca\/fr\/gardens\/#primaryimage\",\"inLanguage\":\"fr-FR\",\"url\":\"https:\/\/www.gardenpromenade.ca\/wp-content\/uploads\/2019\/06\/Gardens-Ottawa.png\",\"contentUrl\":\"https:\/\/www.gardenpromenade.ca\/wp-content\/uploads\/2019\/06\/Gardens-Ottawa.png\",\"width\":800,\"height\":900},{\"@type\":\"WebPage\",\"@id\":\"https:\/\/www.gardenpromenade.ca\/fr\/gardens\/#webpage\",\"url\":\"https:\/\/www.gardenpromenade.ca\/fr\/gardens\/\",\"name\":\"Destinations jardins &ndash; Garden Promenade\",\"isPartOf\":{\"@id\":\"https:\/\/www.gardenpromenade.ca\/#website\"},\"primaryImageOfPage\":{\"@id\":\"https:\/\/www.gardenpromenade.ca\/fr\/gardens\/#primaryimage\"},\"datePublished\":\"2019-06-04T18:51:43+00:00\",\"dateModified\":\"2019-06-26T13:46:07+00:00\",\"breadcrumb\":{\"@id\":\"https:\/\/www.gardenpromenade.ca\/fr\/gardens\/#breadcrumb\"},\"inLanguage\":\"fr-FR\",\"potentialAction\":[{\"@type\":\"ReadAction\",\"target\":[\"https:\/\/www.gardenpromenade.ca\/fr\/gardens\/\"]}]},{\"@type\":\"BreadcrumbList\",\"@id\":\"https:\/\/www.gardenpromenade.ca\/fr\/gardens\/#breadcrumb\",\"itemListElement\":[{\"@type\":\"ListItem\",\"position\":1,\"name\":\"Home\",\"item\":\"https:\/\/www.gardenpromenade.ca\/fr\/\"},{\"@type\":\"ListItem\",\"position\":2,\"name\":\"Destinations jardins\"}]}]}<\/script>\n<!-- \/ Yoast SEO plugin. -->","yoast_head_json":{"title":"Destinations jardins &ndash; Garden Promenade","robots":{"index":"index","follow":"follow","max-snippet":"max-snippet:-1","max-image-preview":"max-image-preview:large","max-video-preview":"max-video-preview:-1"},"canonical":"https:\/\/www.gardenpromenade.ca\/fr\/gardens\/","og_locale":"fr_FR","og_type":"article","og_title":"Destinations jardins &ndash; Garden Promenade","og_description":"Un choix de 75 jardins C\u2019est une vitrine de 75 jardins offrant des exp\u00e9riences uniques de jardin. L\u2019itin\u00e9raire passe de Rideau Hall jusqu\u2019\u00e0 la Ferme exp\u00e9rimentale centrale, puis jusqu\u2019aux Plaines LeBreton. Vous pouvez continuer \u00e0 la promenade Sussex via la rue Wellington, ou en passant par Gatineau. La Promenade des jardins comprend le Canal Rideau, [&hellip;]","og_url":"https:\/\/www.gardenpromenade.ca\/fr\/gardens\/","og_site_name":"Garden Promenade","article_publisher":"https:\/\/www.facebook.com\/gardenpromenade\/","article_modified_time":"2019-06-26T13:46:07+00:00","og_image":[{"url":"https:\/\/www.gardenpromenade.ca\/wp-content\/uploads\/2019\/06\/Gardens-Ottawa-267x300.png"}],"twitter_card":"summary_large_image","twitter_site":"@gardenpromenade","schema":{"@context":"https:\/\/schema.org","@graph":[{"@type":"WebSite","@id":"https:\/\/www.gardenpromenade.ca\/#website","url":"https:\/\/www.gardenpromenade.ca\/","name":"Garden Promenade","description":"Explore Ottawa-Gatineau&#039;s Gardens","potentialAction":[{"@type":"SearchAction","target":{"@type":"EntryPoint","urlTemplate":"https:\/\/www.gardenpromenade.ca\/?s={search_term_string}"},"query-input":"required name=search_term_string"}],"inLanguage":"fr-FR"},{"@type":"ImageObject","@id":"https:\/\/www.gardenpromenade.ca\/fr\/gardens\/#primaryimage","inLanguage":"fr-FR","url":"https:\/\/www.gardenpromenade.ca\/wp-content\/uploads\/2019\/06\/Gardens-Ottawa.png","contentUrl":"https:\/\/www.gardenpromenade.ca\/wp-content\/uploads\/2019\/06\/Gardens-Ottawa.png","width":800,"height":900},{"@type":"WebPage","@id":"https:\/\/www.gardenpromenade.ca\/fr\/gardens\/#webpage","url":"https:\/\/www.gardenpromenade.ca\/fr\/gardens\/","name":"Destinations jardins &ndash; Garden Promenade","isPartOf":{"@id":"https:\/\/www.gardenpromenade.ca\/#website"},"primaryImageOfPage":{"@id":"https:\/\/www.gardenpromenade.ca\/fr\/gardens\/#primaryimage"},"datePublished":"2019-06-04T18:51:43+00:00","dateModified":"2019-06-26T13:46:07+00:00","breadcrumb":{"@id":"https:\/\/www.gardenpromenade.ca\/fr\/gardens\/#breadcrumb"},"inLanguage":"fr-FR","potentialAction":[{"@type":"ReadAction","target":["https:\/\/www.gardenpromenade.ca\/fr\/gardens\/"]}]},{"@type":"BreadcrumbList","@id":"https:\/\/www.gardenpromenade.ca\/fr\/gardens\/#breadcrumb","itemListElement":[{"@type":"ListItem","position":1,"name":"Home","item":"https:\/\/www.gardenpromenade.ca\/fr\/"},{"@type":"ListItem","position":2,"name":"Destinations jardins"}]}]}},"_links":{"self":[{"href":"https:\/\/www.gardenpromenade.ca\/fr\/wp-json\/wp\/v2\/pages\/2852"}],"collection":[{"href":"https:\/\/www.gardenpromenade.ca\/fr\/wp-json\/wp\/v2\/pages"}],"about":[{"href":"https:\/\/www.gardenpromenade.ca\/fr\/wp-json\/wp\/v2\/types\/page"}],"author":[{"embeddable":true,"href":"https:\/\/www.gardenpromenade.ca\/fr\/wp-json\/wp\/v2\/users\/1"}],"replies":[{"embeddable":true,"href":"https:\/\/www.gardenpromenade.ca\/fr\/wp-json\/wp\/v2\/comments?post=2852"}],"version-history":[{"count":13,"href":"https:\/\/www.gardenpromenade.ca\/fr\/wp-json\/wp\/v2\/pages\/2852\/revisions"}],"predecessor-version":[{"id":3514,"href":"https:\/\/www.gardenpromenade.ca\/fr\/wp-json\/wp\/v2\/pages\/2852\/revisions\/3514"}],"wp:attachment":[{"href":"https:\/\/www.gardenpromenade.ca\/fr\/wp-json\/wp\/v2\/media?parent=2852"}],"curies":[{"name":"wp","href":"https:\/\/api.w.org\/{rel}","templated":true}]}}