{"id":3948,"date":"2020-07-27T12:03:46","date_gmt":"2020-07-27T12:03:46","guid":{"rendered":"https:\/\/www.gardenpromenade.ca\/?page_id=3948"},"modified":"2021-07-12T02:04:42","modified_gmt":"2021-07-12T02:04:42","slug":"visite-des-jardins-du-ruisseau-de-la-brasserie-de-gatineau","status":"publish","type":"page","link":"https:\/\/www.gardenpromenade.ca\/fr\/visite-des-jardins-du-ruisseau-de-la-brasserie-de-gatineau\/","title":{"rendered":"Visite Autoguid\u00e9e &#8211; Des Jardins du Ruisseau de la Brasserie de Gatineau"},"content":{"rendered":"<p><iframe loading=\"lazy\" src=\"https:\/\/www.google.com\/maps\/d\/u\/0\/embed?mid=1zFBQMwDOjanf3NZOniV7e1A_jNK9h4lo\" width=\"640\" height=\"480\"><\/iframe><br \/>\n<iframe loading=\"lazy\" src=\"https:\/\/www.youtube.com\/embed\/Sidy9AHswUM\" width=\"560\" height=\"315\" frameborder=\"0\" allowfullscreen=\"allowfullscreen\"><\/iframe><\/p>\n<p>&nbsp;<\/p>\n<p>A.<strong> Jardins du Parc du Portageur<\/strong><\/p>\n<p><strong>Adresse<\/strong> : 2 rue Montcalm, Gatineau QC J8X 4B4<\/p>\n<p><strong>Services offerts aux visiteurs<\/strong> : Stationnement payant \u00e0 proximit\u00e9 \u2013 Porte-V\u00e9los \u2013 Accessible en fauteuil roulant \u2013 Adapt\u00e9 aux enfant \u2013 Aires de restauration<\/p>\n<p><strong>Description<\/strong> : Pendant des centaines d&rsquo;ann\u00e9es, le Parc des Portageur a \u00e9t\u00e9 utilis\u00e9 comme point de portage par les peuples autochtones, les commer\u00e7ants de fourrures et les explorateurs qui voyageaient sur la rivi\u00e8re des Outaouais. Arr\u00eatez-vous et admirez l&rsquo;impressionnante sculpture Boat Sight dans ce cadre unique qui combine des caract\u00e9ristiques naturelles et industrielles.<\/p>\n<hr \/>\n<p>B. <strong>Jardins du Parc de la francophonie<\/strong><\/p>\n<p><strong>Adresse<\/strong> : 11 Rue Montcalm, Gatineau, QC J8X 4B4<\/p>\n<p><strong>Services offerts aux visiteurs<\/strong> : Stationnement payant \u00e0 proximit\u00e9 \u2013 Porte-V\u00e9los \u2013 Accessible en fauteuil roulant \u2013 Adapt\u00e9 aux enfant \u2013 Aires de restauration<\/p>\n<p><strong>Description<\/strong> : Juste \u00e0 l&rsquo;ouest du pont des Chaudi\u00e8res, le parc est situ\u00e9 entre le boulevard Alexandre-Tach\u00e9 et la rivi\u00e8re des Outaouais. C&rsquo;est un bel espace panoramique, o\u00f9 se trouvent plusieurs statues rendant hommage aux premiers colons de la r\u00e9gion qui faisaient du portage \u00e0 cet endroit. Situ\u00e9 sur la rue Montcalm \u00e0 Gatineau, le parc dispose de bancs publics et de porte-v\u00e9los.<\/p>\n<hr \/>\n<p>C. <strong>Jardins du Th\u00e9\u00e2tre de l\u2019\u00eele<\/strong><\/p>\n<p><strong>Adresse<\/strong> : 1 Rue Wellington, Gatineau, QC J8X 2H3<\/p>\n<p><strong>Services offerts aux visiteurs<\/strong> : Stationnement payant \u00e0 proximit\u00e9 \u2013 Salle de bain &#8211; Porte-V\u00e9los \u2013 Accessible en fauteuil roulant<\/p>\n<p><strong>Description<\/strong> : Construit en 1886, cet ancien ch\u00e2teau d&rsquo;eau abrite aujourd&rsquo;hui le Th\u00e9\u00e2tre de l&rsquo;\u00cele et constitue un tr\u00e8s beau site. Premier th\u00e9\u00e2tre municipal au Qu\u00e9bec, il constitue un lieu de rencontre magique pour les publics et les artistes locaux et \u00e9trangers.<\/p>\n<p><strong>Jardins du Th\u00e9\u00e2tre de l\u2019\u00cele:\u00a0<\/strong>Les v\u00e9g\u00e9taux vivaces sont favoris\u00e9s afin de donner une atmosph\u00e8re plus champ\u00eatre. Le choix des v\u00e9g\u00e9taux est fait en fonction de leurs rusticit\u00e9s, leurs tol\u00e9rances \u00e0 la s\u00e9cheresse et au degr\u00e9 d\u2019ensoleillement.<\/p>\n<hr \/>\n<p>D. <strong>Jardins du Ruisseau de le Brasserie<\/strong><\/p>\n<p><strong>Adresse<\/strong> : 69 Montcalm Street, Gatineau QC J8X 2L5<\/p>\n<p><strong>Services offerts aux visiteurs<\/strong> : Stationnement payant \u2013 Accessible en fauteuil roulant \u2013 Adapt\u00e9 aux enfant \u2013 Aires de restauration<\/p>\n<p><strong>Description<\/strong> : Le ruisseau de la Brasserie est un petit ruisseau formant les rives nord et ouest de l&rsquo;\u00eele de Hull. \u00c0 l&rsquo;origine, il \u00e9tait au c\u0153ur du secteur industriel de Hull, avec plusieurs usines. On y trouvait plusieurs brasseries, d&rsquo;o\u00f9 son nom. Dans les ann\u00e9es 1980, le secteur a \u00e9t\u00e9 r\u00e9am\u00e9nag\u00e9 par la Commission de la capitale nationale. Sa pollution a \u00e9t\u00e9 \u00e9limin\u00e9e et est devenu un endroit populaire pour les ornithologues amateurs. Centre initial du d\u00e9veloppement industriel de Hull, ce ruisseau conserve une architecture unique, pr\u00e9serv\u00e9e par ses habitants, et pr\u00e9sente d&rsquo;opulentes r\u00e9sidences, des \u0153uvres d&rsquo;art publiques et des jardins marquant diff\u00e9rents moments des origines de la ville et de la r\u00e9gion.<\/p>\n<hr \/>\n<p>E. <strong> Mosa\u00efculture Jos Montferrand<\/strong><\/p>\n<p><strong>Adresse<\/strong> : sortie de l\u2019autoroute 50 sur la rue Montcalm<\/p>\n<p><strong>Services offerts aux visiteurs<\/strong> : Stationnement ayant \u2013 accessible en fauteuil roulant \u2013 adapt\u00e9 aux enfant \u2013 caf\u00e9 et aires de restauration \u00e0 proximit\u00e9<\/p>\n<p><strong>Description<\/strong> : oeuvre d\u2019art \u2013 de l\u2019artiste Jean-Yves Vigneau<br \/>\nDis-moi, Ti-Jos, comment t\u2019es devenu un g\u00e9ant, pr\u00e9sent\u00e9e sur le Sentier culturel &#8211; une discussion autour de la figure l\u00e9gendaire de Jos Montferrand. D\u00e9couvrez une r\u00e9flexion sur l\u2019art, sur le patrimoine et l\u2019importance de pr\u00e9server notre m\u00e9moire.<br \/>\nLa sculpture de Jos Montferrand est une installation artistique plus grande que nature et fantaisiste. Il a \u00e9t\u00e9 offert par Mosa\u00efcultures Internationales \u00e0 Gatineau, comme sa nouvelle maison.<\/p>\n<p><strong>A propos de Jos Montferrand :<\/strong> Joseph Montferrand, plus connu sous le nom de Jos Montferrand, est toujours consid\u00e9r\u00e9 comme l\u2019une des plus grandes figures l\u00e9gendaires franco-canadienne. Le h\u00e9ros est appel\u00e9 par de nombreux noms diff\u00e9rents en Am\u00e9rique du Nord, notamment Montferan, Muffraw, Mouffreau, Mufferoin, Maufree et Murphy. Bien qu\u2019il soit fortement associ\u00e9 \u00e0 la vall\u00e9e de l\u2019Outaouais, ce b\u00fbcheron, draveur, contrema\u00eetre, rafts man et strongman n\u2019y est ni n\u00e9, ni \u00e9t\u00e9 \u00e9lev\u00e9. Il a cependant pass\u00e9 la moiti\u00e9 de sa vie dans la r\u00e9gion, attir\u00e9 par l\u2019industrie foresti\u00e8re, force \u00e9conomique de la vall\u00e9e de l\u2019Outaouais au 20e si\u00e8cle. C\u2019est \u00e9galement dans cette r\u00e9gion qu\u2019il est devenu un personnage l\u00e9gendaire. Aujourd\u2019hui, il n\u2019y a aucun moyen de distinguer ses v\u00e9ritables exploits de ceux qui sont purement folkloriques.<\/p>\n","protected":false},"excerpt":{"rendered":"<p>&nbsp; A. Jardins du Parc du Portageur Adresse : 2 rue Montcalm, Gatineau QC J8X 4B4 Services offerts aux visiteurs : Stationnement payant \u00e0 proximit\u00e9 \u2013 Porte-V\u00e9los \u2013 Accessible en fauteuil roulant \u2013 Adapt\u00e9 aux enfant \u2013 Aires de restauration Description : Pendant des centaines d&rsquo;ann\u00e9es, le Parc des Portageur a \u00e9t\u00e9 utilis\u00e9 comme point [&hellip;]<\/p>\n","protected":false},"author":6,"featured_media":0,"parent":0,"menu_order":0,"comment_status":"closed","ping_status":"closed","template":"","meta":{"_monsterinsights_skip_tracking":false,"_monsterinsights_sitenote_active":false,"_monsterinsights_sitenote_note":"","_monsterinsights_sitenote_category":0},"yoast_head":"<!-- This site is optimized with the Yoast SEO plugin v17.1 - https:\/\/yoast.com\/wordpress\/plugins\/seo\/ -->\n<title>Visite Autoguid\u00e9e - Des Jardins du Ruisseau de la Brasserie de Gatineau &ndash; Garden Promenade<\/title>\n<meta name=\"robots\" content=\"index, follow, max-snippet:-1, max-image-preview:large, max-video-preview:-1\" \/>\n<link rel=\"canonical\" href=\"https:\/\/www.gardenpromenade.ca\/fr\/visite-des-jardins-du-ruisseau-de-la-brasserie-de-gatineau\/\" \/>\n<meta property=\"og:locale\" content=\"fr_FR\" \/>\n<meta property=\"og:type\" content=\"article\" \/>\n<meta property=\"og:title\" content=\"Visite Autoguid\u00e9e - Des Jardins du Ruisseau de la Brasserie de Gatineau &ndash; Garden Promenade\" \/>\n<meta property=\"og:description\" content=\"&nbsp; A. Jardins du Parc du Portageur Adresse : 2 rue Montcalm, Gatineau QC J8X 4B4 Services offerts aux visiteurs : Stationnement payant \u00e0 proximit\u00e9 \u2013 Porte-V\u00e9los \u2013 Accessible en fauteuil roulant \u2013 Adapt\u00e9 aux enfant \u2013 Aires de restauration Description : Pendant des centaines d&rsquo;ann\u00e9es, le Parc des Portageur a \u00e9t\u00e9 utilis\u00e9 comme point [&hellip;]\" \/>\n<meta property=\"og:url\" content=\"https:\/\/www.gardenpromenade.ca\/fr\/visite-des-jardins-du-ruisseau-de-la-brasserie-de-gatineau\/\" \/>\n<meta property=\"og:site_name\" content=\"Garden Promenade\" \/>\n<meta property=\"article:publisher\" content=\"https:\/\/www.facebook.com\/gardenpromenade\/\" \/>\n<meta property=\"article:modified_time\" content=\"2021-07-12T02:04:42+00:00\" \/>\n<meta name=\"twitter:card\" content=\"summary_large_image\" \/>\n<meta name=\"twitter:site\" content=\"@gardenpromenade\" \/>\n<meta name=\"twitter:label1\" content=\"Dur\u00e9e de lecture est.\" \/>\n\t<meta name=\"twitter:data1\" content=\"3 minutes\" \/>\n<script type=\"application\/ld+json\" class=\"yoast-schema-graph\">{\"@context\":\"https:\/\/schema.org\",\"@graph\":[{\"@type\":\"WebSite\",\"@id\":\"https:\/\/www.gardenpromenade.ca\/#website\",\"url\":\"https:\/\/www.gardenpromenade.ca\/\",\"name\":\"Garden Promenade\",\"description\":\"Explore Ottawa-Gatineau&#039;s Gardens\",\"potentialAction\":[{\"@type\":\"SearchAction\",\"target\":{\"@type\":\"EntryPoint\",\"urlTemplate\":\"https:\/\/www.gardenpromenade.ca\/?s={search_term_string}\"},\"query-input\":\"required name=search_term_string\"}],\"inLanguage\":\"fr-FR\"},{\"@type\":\"WebPage\",\"@id\":\"https:\/\/www.gardenpromenade.ca\/fr\/visite-des-jardins-du-ruisseau-de-la-brasserie-de-gatineau\/#webpage\",\"url\":\"https:\/\/www.gardenpromenade.ca\/fr\/visite-des-jardins-du-ruisseau-de-la-brasserie-de-gatineau\/\",\"name\":\"Visite Autoguid\\u00e9e - Des Jardins du Ruisseau de la Brasserie de Gatineau &ndash; Garden Promenade\",\"isPartOf\":{\"@id\":\"https:\/\/www.gardenpromenade.ca\/#website\"},\"datePublished\":\"2020-07-27T12:03:46+00:00\",\"dateModified\":\"2021-07-12T02:04:42+00:00\",\"breadcrumb\":{\"@id\":\"https:\/\/www.gardenpromenade.ca\/fr\/visite-des-jardins-du-ruisseau-de-la-brasserie-de-gatineau\/#breadcrumb\"},\"inLanguage\":\"fr-FR\",\"potentialAction\":[{\"@type\":\"ReadAction\",\"target\":[\"https:\/\/www.gardenpromenade.ca\/fr\/visite-des-jardins-du-ruisseau-de-la-brasserie-de-gatineau\/\"]}]},{\"@type\":\"BreadcrumbList\",\"@id\":\"https:\/\/www.gardenpromenade.ca\/fr\/visite-des-jardins-du-ruisseau-de-la-brasserie-de-gatineau\/#breadcrumb\",\"itemListElement\":[{\"@type\":\"ListItem\",\"position\":1,\"name\":\"Home\",\"item\":\"https:\/\/www.gardenpromenade.ca\/fr\/\"},{\"@type\":\"ListItem\",\"position\":2,\"name\":\"Visite Autoguid\\u00e9e &#8211; Des Jardins du Ruisseau de la Brasserie de Gatineau\"}]}]}<\/script>\n<!-- \/ Yoast SEO plugin. -->","yoast_head_json":{"title":"Visite Autoguid\u00e9e - Des Jardins du Ruisseau de la Brasserie de Gatineau &ndash; Garden Promenade","robots":{"index":"index","follow":"follow","max-snippet":"max-snippet:-1","max-image-preview":"max-image-preview:large","max-video-preview":"max-video-preview:-1"},"canonical":"https:\/\/www.gardenpromenade.ca\/fr\/visite-des-jardins-du-ruisseau-de-la-brasserie-de-gatineau\/","og_locale":"fr_FR","og_type":"article","og_title":"Visite Autoguid\u00e9e - Des Jardins du Ruisseau de la Brasserie de Gatineau &ndash; Garden Promenade","og_description":"&nbsp; A. Jardins du Parc du Portageur Adresse : 2 rue Montcalm, Gatineau QC J8X 4B4 Services offerts aux visiteurs : Stationnement payant \u00e0 proximit\u00e9 \u2013 Porte-V\u00e9los \u2013 Accessible en fauteuil roulant \u2013 Adapt\u00e9 aux enfant \u2013 Aires de restauration Description : Pendant des centaines d&rsquo;ann\u00e9es, le Parc des Portageur a \u00e9t\u00e9 utilis\u00e9 comme point [&hellip;]","og_url":"https:\/\/www.gardenpromenade.ca\/fr\/visite-des-jardins-du-ruisseau-de-la-brasserie-de-gatineau\/","og_site_name":"Garden Promenade","article_publisher":"https:\/\/www.facebook.com\/gardenpromenade\/","article_modified_time":"2021-07-12T02:04:42+00:00","twitter_card":"summary_large_image","twitter_site":"@gardenpromenade","twitter_misc":{"Dur\u00e9e de lecture est.":"3 minutes"},"schema":{"@context":"https:\/\/schema.org","@graph":[{"@type":"WebSite","@id":"https:\/\/www.gardenpromenade.ca\/#website","url":"https:\/\/www.gardenpromenade.ca\/","name":"Garden Promenade","description":"Explore Ottawa-Gatineau&#039;s Gardens","potentialAction":[{"@type":"SearchAction","target":{"@type":"EntryPoint","urlTemplate":"https:\/\/www.gardenpromenade.ca\/?s={search_term_string}"},"query-input":"required name=search_term_string"}],"inLanguage":"fr-FR"},{"@type":"WebPage","@id":"https:\/\/www.gardenpromenade.ca\/fr\/visite-des-jardins-du-ruisseau-de-la-brasserie-de-gatineau\/#webpage","url":"https:\/\/www.gardenpromenade.ca\/fr\/visite-des-jardins-du-ruisseau-de-la-brasserie-de-gatineau\/","name":"Visite Autoguid\u00e9e - Des Jardins du Ruisseau de la Brasserie de Gatineau &ndash; Garden Promenade","isPartOf":{"@id":"https:\/\/www.gardenpromenade.ca\/#website"},"datePublished":"2020-07-27T12:03:46+00:00","dateModified":"2021-07-12T02:04:42+00:00","breadcrumb":{"@id":"https:\/\/www.gardenpromenade.ca\/fr\/visite-des-jardins-du-ruisseau-de-la-brasserie-de-gatineau\/#breadcrumb"},"inLanguage":"fr-FR","potentialAction":[{"@type":"ReadAction","target":["https:\/\/www.gardenpromenade.ca\/fr\/visite-des-jardins-du-ruisseau-de-la-brasserie-de-gatineau\/"]}]},{"@type":"BreadcrumbList","@id":"https:\/\/www.gardenpromenade.ca\/fr\/visite-des-jardins-du-ruisseau-de-la-brasserie-de-gatineau\/#breadcrumb","itemListElement":[{"@type":"ListItem","position":1,"name":"Home","item":"https:\/\/www.gardenpromenade.ca\/fr\/"},{"@type":"ListItem","position":2,"name":"Visite Autoguid\u00e9e &#8211; Des Jardins du Ruisseau de la Brasserie de Gatineau"}]}]}},"_links":{"self":[{"href":"https:\/\/www.gardenpromenade.ca\/fr\/wp-json\/wp\/v2\/pages\/3948"}],"collection":[{"href":"https:\/\/www.gardenpromenade.ca\/fr\/wp-json\/wp\/v2\/pages"}],"about":[{"href":"https:\/\/www.gardenpromenade.ca\/fr\/wp-json\/wp\/v2\/types\/page"}],"author":[{"embeddable":true,"href":"https:\/\/www.gardenpromenade.ca\/fr\/wp-json\/wp\/v2\/users\/6"}],"replies":[{"embeddable":true,"href":"https:\/\/www.gardenpromenade.ca\/fr\/wp-json\/wp\/v2\/comments?post=3948"}],"version-history":[{"count":20,"href":"https:\/\/www.gardenpromenade.ca\/fr\/wp-json\/wp\/v2\/pages\/3948\/revisions"}],"predecessor-version":[{"id":4193,"href":"https:\/\/www.gardenpromenade.ca\/fr\/wp-json\/wp\/v2\/pages\/3948\/revisions\/4193"}],"wp:attachment":[{"href":"https:\/\/www.gardenpromenade.ca\/fr\/wp-json\/wp\/v2\/media?parent=3948"}],"curies":[{"name":"wp","href":"https:\/\/api.w.org\/{rel}","templated":true}]}}