{"id":3951,"date":"2020-07-27T12:12:13","date_gmt":"2020-07-27T12:12:13","guid":{"rendered":"https:\/\/www.gardenpromenade.ca\/?page_id=3951"},"modified":"2021-07-12T02:59:49","modified_gmt":"2021-07-12T02:59:49","slug":"visite-des-jardins-hors-de-la-promenade","status":"publish","type":"page","link":"https:\/\/www.gardenpromenade.ca\/fr\/visite-des-jardins-hors-de-la-promenade\/","title":{"rendered":"Visite Autoguid\u00e9e &#8211; Des Jardins Hors de la Promenade"},"content":{"rendered":"<p><iframe loading=\"lazy\" src=\"https:\/\/www.google.com\/maps\/d\/u\/0\/embed?mid=1aDw_5x1zs1iOrw6gZN9mXoRjT6sdxEDY\" width=\"640\" height=\"480\"><\/iframe><\/p>\n<p><strong>A. Jardins du Domaine Mackenzie King<\/strong><\/p>\n<p><strong>Adresse<\/strong> : chemin MacKenzie King, Chelsea, QC J9B 1H7<\/p>\n<p><strong>Services offerts aux visiteurs<\/strong> : Stationnement payant\u2013 Porte-v\u00e9los \u2013 Accessible en fauteuil roulant \u2013 adapt\u00e9 aux enfants \u2013 caf\u00e9 et aires de restauration<\/p>\n<p><strong>Description<\/strong> : Le site historique connu sous le nom de domaine Mackenzie King comprend 231 hectares d&rsquo;espace vert am\u00e9nag\u00e9s, au sud du lac Kingsmere, au c\u0153ur du magnifique parc de la Gatineau.<br \/>\nPendant pr\u00e8s de cinquante ans, le domaine a servi de r\u00e9sidence d&rsquo;\u00e9t\u00e9 \u00e0 Mackenzie King, le dixi\u00e8me Premier ministre du Canada et occupant le plus longtemps ce poste. King, qui a \u00e9t\u00e9 premier ministre de 1921 \u00e0 1926, de 1926 \u00e0 1930 et de 1935 \u00e0 1948, au cours d&rsquo;une p\u00e9riode de profonds changements au Canada, a \u00e9t\u00e9 l&rsquo;une des personnalit\u00e9s les plus influentes du pays. \u00c0 sa mort en 1950, il a l\u00e9gu\u00e9 son bien-aim\u00e9 h\u00e9ritage au peuple canadien. C&rsquo;est autour de cette propri\u00e9t\u00e9 que le gouvernement du Canada, par l&rsquo;interm\u00e9diaire de la Commission de la capitale nationale, a cr\u00e9\u00e9 ce que nous connaissons aujourd&rsquo;hui sous le nom de Parc de la Gatineau. Aujourd&rsquo;hui, des visiteurs de partout viennent au domaine Mackenzie King pour admirer les chalets restaur\u00e9s de Kingswood &#8211; dont Moorside. C&rsquo;est \u00e0 Moorside que King a am\u00e9nag\u00e9 ses splendides jardins de fleurs et sa pittoresque collection de ruines de pierre. C&rsquo;est \u00e9galement l\u00e0 qu&rsquo;il re\u00e7ut des dignitaires tels que Sir Winston Churchill, Yousuf Karsh et Charles Lindbergh. Les visiteurs de Kingswood et de Moorside appr\u00e9cieront \u00e9galement les terrains am\u00e9nag\u00e9s, les sentiers bois\u00e9s et les chutes d&rsquo;eau.<\/p>\n<hr \/>\n<p>B.<strong> Jardins du Cimeti\u00e8re Beechwood<\/strong><\/p>\n<p><strong>Adresse<\/strong> : 280 avenue Beechwood, Ottawa, ON K1L 8A6<\/p>\n<p><strong>Services offerts aux visiteurs<\/strong> : Stationnement \u2013 Salle de bain \u2013 Accessible en fauteuil roulant<\/p>\n<p><strong>Description<\/strong> : Le Cimeti\u00e8re Beechwood est le Cimeti\u00e8re national du Canada. C&rsquo;est le lieu de dernier repos pour plus de 75,000 Canadiens de tous horizons, tels que des hommes politiques importants comme le gouverneur g\u00e9n\u00e9ral Ramon Hnatyshyn et le premier ministre Sir Robert Borden, des v\u00e9t\u00e9rans des Forces canadiennes, des morts de la guerre, des membres de la Gendarmerie royale du Canada, ainsi que des hommes et des femmes qui ont marqu\u00e9 l&rsquo;histoire du Canada. En plus d&rsquo;\u00eatre le Cimeti\u00e8re national du Canada, il est \u00e9galement le Cimeti\u00e8re militaire national du Canada et le Cimeti\u00e8re comm\u00e9moratif national de la Gendarmerie royale du Canada.<\/p>\n<p>Le cimeti\u00e8re Beechwood dispose de vastes jardins sur l&rsquo;ensemble de sa propri\u00e9t\u00e9 de 160 acres. Du printemps \u00e0 l&rsquo;automne, vous trouverez les nombreux arbres et parterres de jardin d\u00e9bordant de couleurs. On y trouve de nombreuses vari\u00e9t\u00e9s de pommetiers, de magnolias et de lilas, ainsi que des pivoines, des iris et des bulbes de printemps. Chaque ann\u00e9e, on y plante environ trente-cinq mille bulbes, qui sont rapidement remplac\u00e9s, une fois la floraison termin\u00e9e, par quinze mille plantes annuelles. L&rsquo;espace sacr\u00e9 et le b\u00e2timent d&rsquo;accueil sont entour\u00e9s de jardins bord\u00e9s de calcaire et d&rsquo;une chute d&rsquo;eau, d&rsquo;un ruisseau et d&rsquo;un \u00e9tang. Il y a \u00e9galement un autre \u00e9tang plus grand avec une chute d&rsquo;eau de l&rsquo;autre c\u00f4t\u00e9 de la route, dans les jardins botaniques de cr\u00e9mation. Ces jardins abritent une collection de conif\u00e8res, de plantes vivaces, laur\u00e9ates de l&rsquo;ann\u00e9e, des gramin\u00e9es ornementales et de nombreux autres parterres de plantes annuelles et vivaces mixtes. La section des v\u00e9t\u00e9rans et le cimeti\u00e8re militaire comptent des milliers de plantes vivaces, dans les bordures devant les pierres tombales militaires, pr\u00e9sentant un int\u00e9r\u00eat tout au long de l&rsquo;ann\u00e9e pour les v\u00e9t\u00e9rans et leurs familles. Les couleurs d&rsquo;automne dans tout le cimeti\u00e8re sont aussi magnifiques que dans n&rsquo;importe quelle for\u00eat. Les \u00e9rables noirs et \u00e0 sucre, les pommetiers et les am\u00e9lanchiers fournissent une gamme de couleurs automnales, du jaune \u00e0 l&rsquo;orange, en passant par le rouge. La plupart des jardins sont accessibles par des sentiers et des routes asphalt\u00e9es.<\/p>\n<hr \/>\n<p>C. <strong>Jardin Maplelawn<\/strong><\/p>\n<p><strong>Adresse<\/strong> : 529 chemin Richmond, Ottawa, ON K2A 0G3<\/p>\n<p><strong>Services offerts aux visiteurs<\/strong> : Places de stationnement \u2013 partiellement accessible en fauteuil roulant \u2013 tables de piquenique ; nourriture : Le Keg \u2013 Ottawa Manor<\/p>\n<p><strong>Description<\/strong> : Au XIXe si\u00e8cle, il y avait de nombreuses belles maisons en Ontario, mais peu d&rsquo;entre elles \u00e9taient entour\u00e9es de jardins clos, et encore moins ont surv\u00e9cu jusqu\u2019aujourd\u2019hui. Le jardin clos de Maplelawn, dans la capitale du Canada, en est un exemple rare et est exceptionnellement bien pr\u00e9serv\u00e9.<br \/>\nEn 1989, Maplelawn a \u00e9t\u00e9 d\u00e9sign\u00e9 comme site historique national par la Commission des lieux et monuments historiques du Canada pour les raisons suivantes : \u00ab\u00a0&#8230;la qualit\u00e9 de la maison, mais plus particuli\u00e8rement parce que ses jardins sont les mieux pr\u00e9serv\u00e9s des quelques exemples connus de jardins clos du d\u00e9but du XIXe si\u00e8cle au Canada&#8230;\u00a0\u00bb En tant qu&rsquo;ensemble, la maison et le jardin clos constituent un clair t\u00e9moignage de la fa\u00e7on dont les id\u00e9es europ\u00e9ennes en mati\u00e8re d&rsquo;architecture et de paysage ont \u00e9t\u00e9 transplant\u00e9es au Canada.<br \/>\nEn 1993, le jardin ne recevait qu&rsquo;un entretien de base jusqu&rsquo;\u00e0 ce qu&rsquo;un groupe de b\u00e9n\u00e9voles, connu sous le nom de Friends of Maplelawn Garden, soit form\u00e9. Ces b\u00e9n\u00e9voles ont conclu un accord avec la Commission de la capitale nationale (CCN) pour \u00e9tudier, pr\u00e9server et r\u00e9habiliter le jardin clos, en utilisant la grande vari\u00e9t\u00e9 de plantes vivaces, telles que les anciennes pivoines pour lesquelles le jardin \u00e9tait autrefois c\u00e9l\u00e8bre, prosp\u00e9rant encore en ses murs.<\/p>\n<hr \/>\n<p>D.<strong> Jardins du domaine Billings<\/strong><\/p>\n<p><strong>Adresse :<\/strong> 280, ave Beechwood, Ottawa ON K1L 8A6 (EN RAISON DES RESTRICTIONS COVID-19, <a href=\"https:\/\/ottawa.ca\/fr\/arts-patrimoine-et-evenements\/musees-et-lieux-historiques\/lieu-historique-national-du-domaine-billings\">VOUS DEVEZ R\u00c9SERVER VOTRE VISITE EN LIGNE<\/a>)<\/p>\n<p><strong>Services aux visiteurs :<\/strong> Stationnement \u2013 Toilettes, accessibles en fauteuil roulant\u2013 Enfants bienvenus \u2013 Aires de caf\u00e9s et restaurants \u2013 T\u00e9l\u00e9phone payant<\/p>\n<p><strong>Description :<\/strong> La famille Billings s\u2019est install\u00e9e sur les rives de la rivi\u00e8re Rideau en 1812 et a jou\u00e9 un r\u00f4le actif dans l\u2019\u00e9volution de la communaut\u00e9 au fil des ans et jusqu\u2019aux ann\u00e9es 1970, date \u00e0 laquelle les Billings ont quitt\u00e9 la succession. Ils ont aid\u00e9 \u00e0 la construction de fermes et d\u2019\u00e9glises, ont dirig\u00e9 une exploitation laiti\u00e8re et ont contribu\u00e9 au d\u00e9veloppement du march\u00e9 By en fournissant des produits pour vendre et en construisant le \u00ab Farmers\u2019 Bridge \u00bb.<br \/>\nSitu\u00e9 sur 8 acres d\u2019espaces verts, ce lieu historique national abrite \u00e9galement l\u2019un des plus anciens cimeti\u00e8res communautaires d\u2019Ottawa o\u00f9 reposent des pionniers bien connus d\u2019Ottawa, telles que les familles Evans, Brouse et Firth.<\/p>\n<hr \/>\n<p>E. <strong>Jardins du parc \u00e9cologique Dalton<\/strong><\/p>\n<p><strong>Adresse :<\/strong> 199, Mont\u00e9e Dalton, Gatineau (Qu\u00e9bec) J8R 0B3<\/p>\n<p><strong>Services aux visiteurs :<\/strong> Stationnement \u2013 Toilettes, accessibles en fauteuil roulant\u2013 Enfants bienvenus \u2013 Aires de caf\u00e9s et restaurants<\/p>\n<p><strong>Description :<\/strong> Construit par un groupe de b\u00e9n\u00e9voles motiv\u00e9s, le Parc \u00e9cologique Dalton et le Parc floral des Nations vous raviront. Le site comprend un sentier polyvalent de 6 km avec 3 ponts couverts sur la rivi\u00e8re Blanche, une \u00e9cole, une cabane \u00e0 sucre, une ferme, des vergers, un atelier de jardinier, un parc floral, de grands potagers et une r\u00e9plique de la vieille gare de train de Templeton. Un endroit id\u00e9al pour une promenade et un pique-nique.<\/p>\n","protected":false},"excerpt":{"rendered":"<p>A. Jardins du Domaine Mackenzie King Adresse : chemin MacKenzie King, Chelsea, QC J9B 1H7 Services offerts aux visiteurs : Stationnement payant\u2013 Porte-v\u00e9los \u2013 Accessible en fauteuil roulant \u2013 adapt\u00e9 aux enfants \u2013 caf\u00e9 et aires de restauration Description : Le site historique connu sous le nom de domaine Mackenzie King comprend 231 hectares d&rsquo;espace [&hellip;]<\/p>\n","protected":false},"author":6,"featured_media":0,"parent":0,"menu_order":0,"comment_status":"closed","ping_status":"closed","template":"","meta":{"_monsterinsights_skip_tracking":false,"_monsterinsights_sitenote_active":false,"_monsterinsights_sitenote_note":"","_monsterinsights_sitenote_category":0},"yoast_head":"<!-- This site is optimized with the Yoast SEO plugin v17.1 - https:\/\/yoast.com\/wordpress\/plugins\/seo\/ -->\n<title>Visite Autoguid\u00e9e - Des Jardins Hors de la Promenade &ndash; Garden Promenade<\/title>\n<meta name=\"robots\" content=\"index, follow, max-snippet:-1, max-image-preview:large, max-video-preview:-1\" \/>\n<link rel=\"canonical\" href=\"https:\/\/www.gardenpromenade.ca\/fr\/visite-des-jardins-hors-de-la-promenade\/\" \/>\n<meta property=\"og:locale\" content=\"fr_FR\" \/>\n<meta property=\"og:type\" content=\"article\" \/>\n<meta property=\"og:title\" content=\"Visite Autoguid\u00e9e - Des Jardins Hors de la Promenade &ndash; Garden Promenade\" \/>\n<meta property=\"og:description\" content=\"A. Jardins du Domaine Mackenzie King Adresse : chemin MacKenzie King, Chelsea, QC J9B 1H7 Services offerts aux visiteurs : Stationnement payant\u2013 Porte-v\u00e9los \u2013 Accessible en fauteuil roulant \u2013 adapt\u00e9 aux enfants \u2013 caf\u00e9 et aires de restauration Description : Le site historique connu sous le nom de domaine Mackenzie King comprend 231 hectares d&rsquo;espace [&hellip;]\" \/>\n<meta property=\"og:url\" content=\"https:\/\/www.gardenpromenade.ca\/fr\/visite-des-jardins-hors-de-la-promenade\/\" \/>\n<meta property=\"og:site_name\" content=\"Garden Promenade\" \/>\n<meta property=\"article:publisher\" content=\"https:\/\/www.facebook.com\/gardenpromenade\/\" \/>\n<meta property=\"article:modified_time\" content=\"2021-07-12T02:59:49+00:00\" \/>\n<meta name=\"twitter:card\" content=\"summary_large_image\" \/>\n<meta name=\"twitter:site\" content=\"@gardenpromenade\" \/>\n<meta name=\"twitter:label1\" content=\"Dur\u00e9e de lecture est.\" \/>\n\t<meta name=\"twitter:data1\" content=\"5 minutes\" \/>\n<script type=\"application\/ld+json\" class=\"yoast-schema-graph\">{\"@context\":\"https:\/\/schema.org\",\"@graph\":[{\"@type\":\"WebSite\",\"@id\":\"https:\/\/www.gardenpromenade.ca\/#website\",\"url\":\"https:\/\/www.gardenpromenade.ca\/\",\"name\":\"Garden Promenade\",\"description\":\"Explore Ottawa-Gatineau&#039;s Gardens\",\"potentialAction\":[{\"@type\":\"SearchAction\",\"target\":{\"@type\":\"EntryPoint\",\"urlTemplate\":\"https:\/\/www.gardenpromenade.ca\/?s={search_term_string}\"},\"query-input\":\"required name=search_term_string\"}],\"inLanguage\":\"fr-FR\"},{\"@type\":\"WebPage\",\"@id\":\"https:\/\/www.gardenpromenade.ca\/fr\/visite-des-jardins-hors-de-la-promenade\/#webpage\",\"url\":\"https:\/\/www.gardenpromenade.ca\/fr\/visite-des-jardins-hors-de-la-promenade\/\",\"name\":\"Visite Autoguid\\u00e9e - Des Jardins Hors de la Promenade &ndash; Garden Promenade\",\"isPartOf\":{\"@id\":\"https:\/\/www.gardenpromenade.ca\/#website\"},\"datePublished\":\"2020-07-27T12:12:13+00:00\",\"dateModified\":\"2021-07-12T02:59:49+00:00\",\"breadcrumb\":{\"@id\":\"https:\/\/www.gardenpromenade.ca\/fr\/visite-des-jardins-hors-de-la-promenade\/#breadcrumb\"},\"inLanguage\":\"fr-FR\",\"potentialAction\":[{\"@type\":\"ReadAction\",\"target\":[\"https:\/\/www.gardenpromenade.ca\/fr\/visite-des-jardins-hors-de-la-promenade\/\"]}]},{\"@type\":\"BreadcrumbList\",\"@id\":\"https:\/\/www.gardenpromenade.ca\/fr\/visite-des-jardins-hors-de-la-promenade\/#breadcrumb\",\"itemListElement\":[{\"@type\":\"ListItem\",\"position\":1,\"name\":\"Home\",\"item\":\"https:\/\/www.gardenpromenade.ca\/fr\/\"},{\"@type\":\"ListItem\",\"position\":2,\"name\":\"Visite Autoguid\\u00e9e &#8211; Des Jardins Hors de la Promenade\"}]}]}<\/script>\n<!-- \/ Yoast SEO plugin. -->","yoast_head_json":{"title":"Visite Autoguid\u00e9e - Des Jardins Hors de la Promenade &ndash; Garden Promenade","robots":{"index":"index","follow":"follow","max-snippet":"max-snippet:-1","max-image-preview":"max-image-preview:large","max-video-preview":"max-video-preview:-1"},"canonical":"https:\/\/www.gardenpromenade.ca\/fr\/visite-des-jardins-hors-de-la-promenade\/","og_locale":"fr_FR","og_type":"article","og_title":"Visite Autoguid\u00e9e - Des Jardins Hors de la Promenade &ndash; Garden Promenade","og_description":"A. Jardins du Domaine Mackenzie King Adresse : chemin MacKenzie King, Chelsea, QC J9B 1H7 Services offerts aux visiteurs : Stationnement payant\u2013 Porte-v\u00e9los \u2013 Accessible en fauteuil roulant \u2013 adapt\u00e9 aux enfants \u2013 caf\u00e9 et aires de restauration Description : Le site historique connu sous le nom de domaine Mackenzie King comprend 231 hectares d&rsquo;espace [&hellip;]","og_url":"https:\/\/www.gardenpromenade.ca\/fr\/visite-des-jardins-hors-de-la-promenade\/","og_site_name":"Garden Promenade","article_publisher":"https:\/\/www.facebook.com\/gardenpromenade\/","article_modified_time":"2021-07-12T02:59:49+00:00","twitter_card":"summary_large_image","twitter_site":"@gardenpromenade","twitter_misc":{"Dur\u00e9e de lecture est.":"5 minutes"},"schema":{"@context":"https:\/\/schema.org","@graph":[{"@type":"WebSite","@id":"https:\/\/www.gardenpromenade.ca\/#website","url":"https:\/\/www.gardenpromenade.ca\/","name":"Garden Promenade","description":"Explore Ottawa-Gatineau&#039;s Gardens","potentialAction":[{"@type":"SearchAction","target":{"@type":"EntryPoint","urlTemplate":"https:\/\/www.gardenpromenade.ca\/?s={search_term_string}"},"query-input":"required name=search_term_string"}],"inLanguage":"fr-FR"},{"@type":"WebPage","@id":"https:\/\/www.gardenpromenade.ca\/fr\/visite-des-jardins-hors-de-la-promenade\/#webpage","url":"https:\/\/www.gardenpromenade.ca\/fr\/visite-des-jardins-hors-de-la-promenade\/","name":"Visite Autoguid\u00e9e - Des Jardins Hors de la Promenade &ndash; Garden Promenade","isPartOf":{"@id":"https:\/\/www.gardenpromenade.ca\/#website"},"datePublished":"2020-07-27T12:12:13+00:00","dateModified":"2021-07-12T02:59:49+00:00","breadcrumb":{"@id":"https:\/\/www.gardenpromenade.ca\/fr\/visite-des-jardins-hors-de-la-promenade\/#breadcrumb"},"inLanguage":"fr-FR","potentialAction":[{"@type":"ReadAction","target":["https:\/\/www.gardenpromenade.ca\/fr\/visite-des-jardins-hors-de-la-promenade\/"]}]},{"@type":"BreadcrumbList","@id":"https:\/\/www.gardenpromenade.ca\/fr\/visite-des-jardins-hors-de-la-promenade\/#breadcrumb","itemListElement":[{"@type":"ListItem","position":1,"name":"Home","item":"https:\/\/www.gardenpromenade.ca\/fr\/"},{"@type":"ListItem","position":2,"name":"Visite Autoguid\u00e9e &#8211; Des Jardins Hors de la Promenade"}]}]}},"_links":{"self":[{"href":"https:\/\/www.gardenpromenade.ca\/fr\/wp-json\/wp\/v2\/pages\/3951"}],"collection":[{"href":"https:\/\/www.gardenpromenade.ca\/fr\/wp-json\/wp\/v2\/pages"}],"about":[{"href":"https:\/\/www.gardenpromenade.ca\/fr\/wp-json\/wp\/v2\/types\/page"}],"author":[{"embeddable":true,"href":"https:\/\/www.gardenpromenade.ca\/fr\/wp-json\/wp\/v2\/users\/6"}],"replies":[{"embeddable":true,"href":"https:\/\/www.gardenpromenade.ca\/fr\/wp-json\/wp\/v2\/comments?post=3951"}],"version-history":[{"count":12,"href":"https:\/\/www.gardenpromenade.ca\/fr\/wp-json\/wp\/v2\/pages\/3951\/revisions"}],"predecessor-version":[{"id":4206,"href":"https:\/\/www.gardenpromenade.ca\/fr\/wp-json\/wp\/v2\/pages\/3951\/revisions\/4206"}],"wp:attachment":[{"href":"https:\/\/www.gardenpromenade.ca\/fr\/wp-json\/wp\/v2\/media?parent=3951"}],"curies":[{"name":"wp","href":"https:\/\/api.w.org\/{rel}","templated":true}]}}