{"id":3954,"date":"2020-07-27T12:19:40","date_gmt":"2020-07-27T12:19:40","guid":{"rendered":"https:\/\/www.gardenpromenade.ca\/?page_id=3954"},"modified":"2021-07-12T02:07:18","modified_gmt":"2021-07-12T02:07:18","slug":"visite-des-jardins-du-centre-ville-dottawa","status":"publish","type":"page","link":"https:\/\/www.gardenpromenade.ca\/fr\/visite-des-jardins-du-centre-ville-dottawa\/","title":{"rendered":"Visite Autoguid\u00e9e &#8211; Miracle-Gro Jardins du Centre-Ville d&rsquo;Ottawa"},"content":{"rendered":"<p>&nbsp;<\/p>\n<p><iframe loading=\"lazy\" src=\"https:\/\/www.google.com\/maps\/d\/u\/0\/embed?mid=1Pu4JriiARhPmmdP4ONd0n7sLJTSbXaBC\" width=\"640\" height=\"480\"><\/iframe><\/p>\n<p><iframe loading=\"lazy\" src=\"https:\/\/www.youtube.com\/embed\/2poYDnoP_CQ\" width=\"560\" height=\"315\" frameborder=\"0\" allowfullscreen=\"allowfullscreen\"><\/iframe><\/p>\n<p>A. <strong>Jardins du Parc Major\u2019s Hill<\/strong><\/p>\n<p><strong>Emplacement<\/strong> : Parc Major\u2019s Hill<br \/>\n<strong>Adresse<\/strong> : 1 rue Rideau, Ottawa ON K1N8S7<br \/>\n<strong>Services offerts aux visiteurs<\/strong> : Stationnement payant \u00e0 proximit\u00e9 \u2013 Porte-V\u00e9los \u2013 Accessible en fauteuil roulant \u2013 adapt\u00e9 aux enfants \u2013 Chiens admis (en laisse) \u2013 Taverne sur la Colline et Aires de restauration<br \/>\n<strong>Description<\/strong> : Le parc est une calme oasis au centre-ville d\u2019Ottawa, et l\u2019endroit parfait o\u00f9 faire une pause entre les visites du March\u00e9 By, des mus\u00e9es et galeries \u00e0 proximit\u00e9. Ce parc comprend certains des meilleurs points de vue d\u2019Ottawa, offrant une vue imprenable sur les \u00e9cluses d\u2019Ottawa sur le canal Rideau, la rivi\u00e8re des Outaouais et les b\u00e2timents du Parlement, Le parc Major\u2019s Hill est le premier parc de la capitale, utilis\u00e9 comme tel depuis 1826, lorsque la construction du canal Rideau a commenc\u00e9. En 1867, des feux d\u2019artifice et des feux de joie dans le parc ont marqu\u00e9 les premi\u00e8res c\u00e9l\u00e9brations de la f\u00eate du Canada dans la capitale. Il a \u00e9t\u00e9 officiellement cr\u00e9\u00e9 en tant que parc en 1875. Dans le parc, se trouve \u00e9galement la Taverne sur la colline, une cantine ext\u00e9rieure saisonni\u00e8re, un patio, un bar \u00e0 cocktails et un marchand de glaces proposant de la nourriture locale. Le parc Major&rsquo;s Hill couvre 5,06 hectares de terrain en face de l&rsquo;ambassade des \u00c9tats-Unis d&rsquo;Am\u00e9rique sur l&rsquo;avenue Mackenzie \u00e0 Ottawa. Le parc est situ\u00e9 entre le Mus\u00e9e des beaux-arts du Canada, au nord, et le Fairmont Ch\u00e2teau Laurier, au sud.<\/p>\n<hr \/>\n<p>B. <strong>Jardins du Parc de la Conf\u00e9d\u00e9ration<\/strong><\/p>\n<p><strong>Emplacement<\/strong> : Parc de la Conf\u00e9d\u00e9ration<br \/>\n<strong>Adresse<\/strong> : Avenue Laurier Ouest et Rue Elgin, Ottawa, ON K1P 5J2<br \/>\n<strong>Services offerts aux visiteurs<\/strong> : Stationnement payant \u00e0 proximit\u00e9 \u2013 Porte-V\u00e9los \u2013 Accessible en fauteuil roulant \u2013 adapt\u00e9 aux enfants \u2013 Bistro CCN \u2013 Moulin de Provence et Aires de restauration<br \/>\n<strong>Description :<\/strong> Le parc accueille les activit\u00e9s du Bal de Neige, les c\u00e9l\u00e9brations de la f\u00eate du Canada et le Festival international de jazz d&rsquo;Ottawa. Lorsqu&rsquo;il n&rsquo;est pas utilis\u00e9 pour des \u00e9v\u00e9nements, le parc de la Conf\u00e9d\u00e9ration est une oasis urbaine \u00e0 l&rsquo;\u00e9cart de l&rsquo;agitation du centre-ville d&rsquo;Ottawa.<br \/>\nSitu\u00e9 \u00e0 l&rsquo;angle de la rue Elgin et de l&rsquo;avenue Laurier, le parc de la Conf\u00e9d\u00e9ration occupe une superficie de 2,63 hectares. Le parc a ouvert ses portes en 1967 dans le cadre des c\u00e9l\u00e9brations du centenaire du Canada. Aujourd&rsquo;hui, il est un \u00e9l\u00e9ment populaire du boulevard de la Conf\u00e9d\u00e9ration, de la capitale et du parcours de la d\u00e9couverte. Le parc de la Conf\u00e9d\u00e9ration abrite plusieurs sculptures et monuments, comme le M\u00e9morial de la guerre d&rsquo;Afrique du Sud, le Monument national des anciens combattants autochtones et la fontaine comm\u00e9morative en l&rsquo;honneur du colonel By, qui s&rsquo;est tenue pendant pr\u00e8s d&rsquo;un si\u00e8cle \u00e0 Trafalgar Square \u00e0 Londres, en Angleterre.<\/p>\n<hr \/>\n<p>C. <strong>Jardin Manuvie<\/strong><\/p>\n<p><strong>Emplacement<\/strong> : Place Manulife, \u00e0 l\u2019intersection de la rue Metcalfe et la rue Queen<br \/>\n<strong>Adresse<\/strong> : 55 rue Metcalfe, Ottawa, ON K1A 1M5<br \/>\n<strong>Services offerts aux visiteurs<\/strong> : Stationnement payant\u2013 Moulin de Provence<br \/>\n<strong>Description<\/strong> : Un jardin serein au c\u0153ur du centre-ville d&rsquo;Ottawa. Des plantes superbement entretenues ainsi que des sculptures et des bancs pour que vous puissiez vous asseoir et profiter de cette oasis urbaine.<\/p>\n<hr \/>\n<p>D. <strong>Jardins en pots de la Sparks<\/strong><\/p>\n<p><strong>Emplacement<\/strong> : rue Sparks (K1P 5B7)<br \/>\n<strong>Services offerts aux visiteurs<\/strong> : Stationnement payant \u00e0 proximit\u00e9 \u2013 Salle de bain \u00e0 proximit\u00e9 \u2013 Accessible en fauteuil roulant \u2013 Adapt\u00e9 aux enfants \u2013 Caf\u00e9 et aires de restauration<br \/>\n<strong>Description<\/strong> : La rue Sparks, \u00e0 un p\u00e2t\u00e9 de maisons de la colline du Parlement, a \u00e9t\u00e9 transform\u00e9e en une voie pi\u00e9tonne, bord\u00e9e de boutiques, de restaurants &#8211; et en \u00e9t\u00e9, de magnifiques jardins en pots et de paniers de fleurs suspendus. En tant que premi\u00e8re promenade pi\u00e9tonne d&rsquo;Am\u00e9rique du Nord, la rue Sparks a consid\u00e9rablement \u00e9volu\u00e9 pour devenir une destination pi\u00e9tonne toute l&rsquo;ann\u00e9e, accueillant des \u00e9v\u00e9nements sp\u00e9ciaux, des boutiques, des restaurants, des divertissements, des arts et de la culture.<\/p>\n<hr \/>\n<p>E. <strong>Jardin terrasse de la Banque du Canada<\/strong><\/p>\n<p><strong>Emplacement<\/strong> : \u00e0 l\u2019ext\u00e9rieur de la Banque du Canada (\u00e0 l\u2019intersection de la rue Bank et la rue Wellington)<br \/>\n<strong>Services offerts aux visiteurs<\/strong> : Stationnement payant \u00e0 proximit\u00e9, places de stationnement &#8211; Salle de bain dans le Mus\u00e9e de la Banque du Canada \u2013 accessible en fauteuil roulant \u2013 adapt\u00e9 aux enfants \u2013 aires de restauration<br \/>\n<strong>Description<\/strong> : La Banque a investi consid\u00e9rablement dans les espaces publics suite au r\u00e9cent renouvellement de son si\u00e8ge social. La place de la Banque du Canada, est situ\u00e9e le long du parcours de c\u00e9r\u00e9monie et de d\u00e9couverte appel\u00e9 \u00ab\u00a0boulevard de la Conf\u00e9d\u00e9ration\u00a0\u00bb. La place a \u00e9t\u00e9 r\u00e9am\u00e9nag\u00e9e pour am\u00e9liorer l&rsquo;accessibilit\u00e9, la s\u00e9curit\u00e9 et les qualit\u00e9s fonctionnelles. Elle sert d\u00e9sormais d\u2019espace de pr\u00e9sentation dynamique &#8211; am\u00e9nag\u00e9 avec des si\u00e8ges de style gradin et de verdure &#8211; o\u00f9 les r\u00e9sidents, les visiteurs et les employ\u00e9s de la Banque peuvent se r\u00e9unir et profiter du plein air. La place a \u00e9t\u00e9 construite \u00e0 l&rsquo;origine dans le cadre des r\u00e9novations de la Banque dans les ann\u00e9es 1970, sous la direction du c\u00e9l\u00e8bre architecte Arthur Erickson. Cependant, la vision originale d&rsquo;Erickson pour cet espace ext\u00e9rieur n&rsquo;a jamais \u00e9t\u00e9 pleinement r\u00e9alis\u00e9e. La nouvelle it\u00e9ration, r\u00e9alis\u00e9e par le cabinet d&rsquo;architectes Perkins + Will en 2016, a \u00e9t\u00e9 influenc\u00e9e par le pavillon du Canada con\u00e7u par Erickson pour l&rsquo;exposition universelle d&rsquo;Osaka en 1970. Le m\u00e9tal de bronze fonc\u00e9 et le verre angulaire des trois structures pyramidales s&rsquo;inspirent des tours de verre du si\u00e8ge social de la Banque, tandis que le granit vert-noir (provenant du Qu\u00e9bec) est un clin d&rsquo;\u0153il au design original d&rsquo;Erickson pour la place. Enfin, deux colonnes de verre ajoutent un int\u00e9r\u00eat visuel et un \u00e9clairage nocturne.<\/p>\n<hr \/>\n<p>F. <strong>Minto Jardin vertical<\/strong><\/p>\n<p><strong>Emplacement<\/strong> : Place Minto<br \/>\n<strong>Adresse<\/strong> : 355 rue Slater, Ottawa, ON K1A 0S4<br \/>\n<strong>Services offerts aux visiteurs<\/strong> : Stationnement payant \u2013 accessible en fauteuil roulant \u2013 adapt\u00e9 aux enfants \u2013 caf\u00e9 et aires de restauration<br \/>\n<strong>Description<\/strong> : La place Minto est le principal centre commercial du centre-ville d&rsquo;Ottawa, la capitale du Canada. L&rsquo;architecte a voulu donner au mur vivant un aspect fort et int\u00e9ressant pour que tous les employ\u00e9s et les visiteurs du b\u00e2timent puissent en profiter. Le mur vert, con\u00e7u par les architectes, pr\u00e9sente des formes rectangulaires uniques compos\u00e9es de plantes similaires de diff\u00e9rentes couleurs. Les zones rectilignes incorporent des s\u00e9parateurs en acier inoxydable, encadrant chaque section comme une \u0153uvre d&rsquo;art. Il contient des plantes ayant besoin de peu de luminosit\u00e9 car la verri\u00e8re de l&rsquo;atrium en offre peu (surtout en hiver). Install\u00e9 : F\u00e9vrier 2010. Taille : 512 pieds carr\u00e9s. Architecte : Queens Quay Architects. Concepteur de l&rsquo;installation : Queens Quay Architects, s\u00e9lection de l&rsquo;usine par GSKY.<\/p>\n<hr \/>\n<p>G. <strong>Jardin des provinces et des territoires<\/strong><\/p>\n<p><strong>Emplacement<\/strong> : rue Wellington, rue Bay, Ottawa, ON<br \/>\n<strong>Adresse :<\/strong> Rue Wellington \u00e0 l\u2019Ouest de la rue Bay, Ottawa | D\u00e9limit\u00e9 par la rue Wellington au nord et \u00e0 l&rsquo;ouest, la rue Bay \u00e0 l&rsquo;est, la rue Sparks au sud<br \/>\n<strong>Services offerts aux visiteurs<\/strong> : Places de stationnement \u2013 Partiellement accessible en fauteuil roulant \u2013 adapt\u00e9 aux enfants \u2013 chiens admis (en laisse) \u2013 Tulip Restaurant au Hilton Garden Inn de l\u2019autre c\u00f4t\u00e9 de la rue et autres caf\u00e9s \u00e0 proximit\u00e9, aires de restauration<br \/>\n<strong>Description<\/strong> : Ce jardin comm\u00e9more l&rsquo;union des provinces et territoires du Canada. Il est compos\u00e9 d&rsquo;un m\u00e9lange de plantes vivaces \u00e0 longues floraison et \u00e0 tiges robustes, ainsi que de gramin\u00e9es ornementales, imitant le paysage des prairies, de la toundra et des rivages rocheux des c\u00f4tes canadiennes. C&rsquo;est l&rsquo;un des principaux paysages modernistes du Canada. Con\u00e7u en 1960 par l&rsquo;architecte paysagiste Donald W. Graham (1930-2017), le Jardin des provinces a \u00e9t\u00e9 cr\u00e9\u00e9 pour c\u00e9l\u00e9brer les provinces de la Conf\u00e9d\u00e9ration en pr\u00e9vision de l&rsquo;ann\u00e9e du centenaire du Canada. En 2005, il est devenu le Jardin des provinces et des territoires. Le Jardin est compos\u00e9 de deux parties : un parc d&rsquo;une acre contenant des terrasses et des plantations formelles, \u00e0 l&rsquo;angle des rues Sparks et Bay, et un adjacent parc de 4 acres avec un paysage pittoresque de pelouses et de plantations en pente vers l&rsquo;ouest.<\/p>\n","protected":false},"excerpt":{"rendered":"<p>&nbsp; A. Jardins du Parc Major\u2019s Hill Emplacement : Parc Major\u2019s Hill Adresse : 1 rue Rideau, Ottawa ON K1N8S7 Services offerts aux visiteurs : Stationnement payant \u00e0 proximit\u00e9 \u2013 Porte-V\u00e9los \u2013 Accessible en fauteuil roulant \u2013 adapt\u00e9 aux enfants \u2013 Chiens admis (en laisse) \u2013 Taverne sur la Colline et Aires de restauration Description [&hellip;]<\/p>\n","protected":false},"author":6,"featured_media":0,"parent":0,"menu_order":0,"comment_status":"closed","ping_status":"closed","template":"","meta":{"_monsterinsights_skip_tracking":false,"_monsterinsights_sitenote_active":false,"_monsterinsights_sitenote_note":"","_monsterinsights_sitenote_category":0},"yoast_head":"<!-- This site is optimized with the Yoast SEO plugin v17.1 - https:\/\/yoast.com\/wordpress\/plugins\/seo\/ -->\n<title>Visite Autoguid\u00e9e - Miracle-Gro Jardins du Centre-Ville d&#039;Ottawa &ndash; Garden Promenade<\/title>\n<meta name=\"robots\" content=\"index, follow, max-snippet:-1, max-image-preview:large, max-video-preview:-1\" \/>\n<link rel=\"canonical\" href=\"https:\/\/www.gardenpromenade.ca\/fr\/visite-des-jardins-du-centre-ville-dottawa\/\" \/>\n<meta property=\"og:locale\" content=\"fr_FR\" \/>\n<meta property=\"og:type\" content=\"article\" \/>\n<meta property=\"og:title\" content=\"Visite Autoguid\u00e9e - Miracle-Gro Jardins du Centre-Ville d&#039;Ottawa &ndash; Garden Promenade\" \/>\n<meta property=\"og:description\" content=\"&nbsp; A. Jardins du Parc Major\u2019s Hill Emplacement : Parc Major\u2019s Hill Adresse : 1 rue Rideau, Ottawa ON K1N8S7 Services offerts aux visiteurs : Stationnement payant \u00e0 proximit\u00e9 \u2013 Porte-V\u00e9los \u2013 Accessible en fauteuil roulant \u2013 adapt\u00e9 aux enfants \u2013 Chiens admis (en laisse) \u2013 Taverne sur la Colline et Aires de restauration Description [&hellip;]\" \/>\n<meta property=\"og:url\" content=\"https:\/\/www.gardenpromenade.ca\/fr\/visite-des-jardins-du-centre-ville-dottawa\/\" \/>\n<meta property=\"og:site_name\" content=\"Garden Promenade\" \/>\n<meta property=\"article:publisher\" content=\"https:\/\/www.facebook.com\/gardenpromenade\/\" \/>\n<meta property=\"article:modified_time\" content=\"2021-07-12T02:07:18+00:00\" \/>\n<meta name=\"twitter:card\" content=\"summary_large_image\" \/>\n<meta name=\"twitter:site\" content=\"@gardenpromenade\" \/>\n<meta name=\"twitter:label1\" content=\"Dur\u00e9e de lecture est.\" \/>\n\t<meta name=\"twitter:data1\" content=\"7 minutes\" \/>\n<script type=\"application\/ld+json\" class=\"yoast-schema-graph\">{\"@context\":\"https:\/\/schema.org\",\"@graph\":[{\"@type\":\"WebSite\",\"@id\":\"https:\/\/www.gardenpromenade.ca\/#website\",\"url\":\"https:\/\/www.gardenpromenade.ca\/\",\"name\":\"Garden Promenade\",\"description\":\"Explore Ottawa-Gatineau&#039;s Gardens\",\"potentialAction\":[{\"@type\":\"SearchAction\",\"target\":{\"@type\":\"EntryPoint\",\"urlTemplate\":\"https:\/\/www.gardenpromenade.ca\/?s={search_term_string}\"},\"query-input\":\"required name=search_term_string\"}],\"inLanguage\":\"fr-FR\"},{\"@type\":\"WebPage\",\"@id\":\"https:\/\/www.gardenpromenade.ca\/fr\/visite-des-jardins-du-centre-ville-dottawa\/#webpage\",\"url\":\"https:\/\/www.gardenpromenade.ca\/fr\/visite-des-jardins-du-centre-ville-dottawa\/\",\"name\":\"Visite Autoguid\\u00e9e - Miracle-Gro Jardins du Centre-Ville d'Ottawa &ndash; Garden Promenade\",\"isPartOf\":{\"@id\":\"https:\/\/www.gardenpromenade.ca\/#website\"},\"datePublished\":\"2020-07-27T12:19:40+00:00\",\"dateModified\":\"2021-07-12T02:07:18+00:00\",\"breadcrumb\":{\"@id\":\"https:\/\/www.gardenpromenade.ca\/fr\/visite-des-jardins-du-centre-ville-dottawa\/#breadcrumb\"},\"inLanguage\":\"fr-FR\",\"potentialAction\":[{\"@type\":\"ReadAction\",\"target\":[\"https:\/\/www.gardenpromenade.ca\/fr\/visite-des-jardins-du-centre-ville-dottawa\/\"]}]},{\"@type\":\"BreadcrumbList\",\"@id\":\"https:\/\/www.gardenpromenade.ca\/fr\/visite-des-jardins-du-centre-ville-dottawa\/#breadcrumb\",\"itemListElement\":[{\"@type\":\"ListItem\",\"position\":1,\"name\":\"Home\",\"item\":\"https:\/\/www.gardenpromenade.ca\/fr\/\"},{\"@type\":\"ListItem\",\"position\":2,\"name\":\"Visite Autoguid\\u00e9e &#8211; Miracle-Gro Jardins du Centre-Ville d&#8217;Ottawa\"}]}]}<\/script>\n<!-- \/ Yoast SEO plugin. -->","yoast_head_json":{"title":"Visite Autoguid\u00e9e - Miracle-Gro Jardins du Centre-Ville d'Ottawa &ndash; Garden Promenade","robots":{"index":"index","follow":"follow","max-snippet":"max-snippet:-1","max-image-preview":"max-image-preview:large","max-video-preview":"max-video-preview:-1"},"canonical":"https:\/\/www.gardenpromenade.ca\/fr\/visite-des-jardins-du-centre-ville-dottawa\/","og_locale":"fr_FR","og_type":"article","og_title":"Visite Autoguid\u00e9e - Miracle-Gro Jardins du Centre-Ville d'Ottawa &ndash; Garden Promenade","og_description":"&nbsp; A. Jardins du Parc Major\u2019s Hill Emplacement : Parc Major\u2019s Hill Adresse : 1 rue Rideau, Ottawa ON K1N8S7 Services offerts aux visiteurs : Stationnement payant \u00e0 proximit\u00e9 \u2013 Porte-V\u00e9los \u2013 Accessible en fauteuil roulant \u2013 adapt\u00e9 aux enfants \u2013 Chiens admis (en laisse) \u2013 Taverne sur la Colline et Aires de restauration Description [&hellip;]","og_url":"https:\/\/www.gardenpromenade.ca\/fr\/visite-des-jardins-du-centre-ville-dottawa\/","og_site_name":"Garden Promenade","article_publisher":"https:\/\/www.facebook.com\/gardenpromenade\/","article_modified_time":"2021-07-12T02:07:18+00:00","twitter_card":"summary_large_image","twitter_site":"@gardenpromenade","twitter_misc":{"Dur\u00e9e de lecture est.":"7 minutes"},"schema":{"@context":"https:\/\/schema.org","@graph":[{"@type":"WebSite","@id":"https:\/\/www.gardenpromenade.ca\/#website","url":"https:\/\/www.gardenpromenade.ca\/","name":"Garden Promenade","description":"Explore Ottawa-Gatineau&#039;s Gardens","potentialAction":[{"@type":"SearchAction","target":{"@type":"EntryPoint","urlTemplate":"https:\/\/www.gardenpromenade.ca\/?s={search_term_string}"},"query-input":"required name=search_term_string"}],"inLanguage":"fr-FR"},{"@type":"WebPage","@id":"https:\/\/www.gardenpromenade.ca\/fr\/visite-des-jardins-du-centre-ville-dottawa\/#webpage","url":"https:\/\/www.gardenpromenade.ca\/fr\/visite-des-jardins-du-centre-ville-dottawa\/","name":"Visite Autoguid\u00e9e - Miracle-Gro Jardins du Centre-Ville d'Ottawa &ndash; Garden Promenade","isPartOf":{"@id":"https:\/\/www.gardenpromenade.ca\/#website"},"datePublished":"2020-07-27T12:19:40+00:00","dateModified":"2021-07-12T02:07:18+00:00","breadcrumb":{"@id":"https:\/\/www.gardenpromenade.ca\/fr\/visite-des-jardins-du-centre-ville-dottawa\/#breadcrumb"},"inLanguage":"fr-FR","potentialAction":[{"@type":"ReadAction","target":["https:\/\/www.gardenpromenade.ca\/fr\/visite-des-jardins-du-centre-ville-dottawa\/"]}]},{"@type":"BreadcrumbList","@id":"https:\/\/www.gardenpromenade.ca\/fr\/visite-des-jardins-du-centre-ville-dottawa\/#breadcrumb","itemListElement":[{"@type":"ListItem","position":1,"name":"Home","item":"https:\/\/www.gardenpromenade.ca\/fr\/"},{"@type":"ListItem","position":2,"name":"Visite Autoguid\u00e9e &#8211; Miracle-Gro Jardins du Centre-Ville d&#8217;Ottawa"}]}]}},"_links":{"self":[{"href":"https:\/\/www.gardenpromenade.ca\/fr\/wp-json\/wp\/v2\/pages\/3954"}],"collection":[{"href":"https:\/\/www.gardenpromenade.ca\/fr\/wp-json\/wp\/v2\/pages"}],"about":[{"href":"https:\/\/www.gardenpromenade.ca\/fr\/wp-json\/wp\/v2\/types\/page"}],"author":[{"embeddable":true,"href":"https:\/\/www.gardenpromenade.ca\/fr\/wp-json\/wp\/v2\/users\/6"}],"replies":[{"embeddable":true,"href":"https:\/\/www.gardenpromenade.ca\/fr\/wp-json\/wp\/v2\/comments?post=3954"}],"version-history":[{"count":12,"href":"https:\/\/www.gardenpromenade.ca\/fr\/wp-json\/wp\/v2\/pages\/3954\/revisions"}],"predecessor-version":[{"id":4238,"href":"https:\/\/www.gardenpromenade.ca\/fr\/wp-json\/wp\/v2\/pages\/3954\/revisions\/4238"}],"wp:attachment":[{"href":"https:\/\/www.gardenpromenade.ca\/fr\/wp-json\/wp\/v2\/media?parent=3954"}],"curies":[{"name":"wp","href":"https:\/\/api.w.org\/{rel}","templated":true}]}}