{"id":3957,"date":"2020-07-27T12:27:18","date_gmt":"2020-07-27T12:27:18","guid":{"rendered":"https:\/\/www.gardenpromenade.ca\/?page_id=3957"},"modified":"2021-07-12T03:07:43","modified_gmt":"2021-07-12T03:07:43","slug":"visite-des-jardins-de-la-ferme-experimentale-centrale","status":"publish","type":"page","link":"https:\/\/www.gardenpromenade.ca\/fr\/visite-des-jardins-de-la-ferme-experimentale-centrale\/","title":{"rendered":"Visite Autoguid\u00e9e &#8211; Des Jardins de la Ferme Exp\u00e9rimentale Centrale"},"content":{"rendered":"<p><iframe loading=\"lazy\" src=\"https:\/\/www.google.com\/maps\/d\/u\/0\/embed?mid=1My_pBymGlKENBoiHPpuI1W-94nTcxoqs\" width=\"640\" height=\"480\"><span data-mce-type=\"bookmark\" style=\"display: inline-block; width: 0px; overflow: hidden; line-height: 0;\" class=\"mce_SELRES_start\">\ufeff<\/span><\/iframe><\/p>\n<p><iframe loading=\"lazy\" src=\"https:\/\/www.youtube.com\/embed\/WE2K8h-cRAA\" width=\"560\" height=\"315\" frameborder=\"0\" allowfullscreen=\"allowfullscreen\"><\/iframe><\/p>\n<p>Visitez la Ferme Exp\u00e9rimentale Centrale qui comprend l&rsquo;Arboretum du Dominion, les Jardins<br \/>\nOrnementaux et le Jardin \u00c9cologique Fletcher. Vous y verrez des parterres color\u00e9s de plantes annuelles et de vivaces, ainsi que plusieurs esp\u00e8ces d&rsquo;arbres et d&rsquo;arbustes.<\/p>\n<p>La Ferme Exp\u00e9rimentale Centrale (FEC) a \u00e9t\u00e9 cr\u00e9\u00e9e en 1886 par le gouvernement canadien. Elle \u00e9tait la pi\u00e8ce ma\u00eetresse de cinq stations exp\u00e9rimentales install\u00e9es dans tout le Canada \u00e0 une \u00e9poque o\u00f9 une grande partie de la population du pays vivait de la terre.<\/p>\n<p>En 1886, 465 acres ont \u00e9t\u00e9 acquis (dans le canton de Nepean) pour la FEC; 64 d&rsquo;entre eux ont \u00e9t\u00e9 allou\u00e9s \u00e0 un arboretum. En 1929, 361 acres suppl\u00e9mentaires ont \u00e9t\u00e9 obtenus du baron du bois, J.R. Booth. Aujourd&rsquo;hui, la ferme fait plus de 1 000 acres.<\/p>\n<hr \/>\n<p>A. <strong>Jardins Ornementaux <\/strong><\/p>\n<p><strong>Adresse <\/strong>: 75 National Capital Commission Scenic Driveway, Ottawa, ON K1A 0Z2.<\/p>\n<p><strong>Services offerts aux visiteurs<\/strong> : Stationnement &#8211; Salle de bain \u00e0 proximit\u00e9 &#8211; Partiellement accessible en fauteuil roulant &#8211; Adapt\u00e9 aux enfants<\/p>\n<p><strong>Description<\/strong> : S&rsquo;\u00e9tendant sur une superficie d&rsquo;environ 3,2 hectares (8 acres), les jardins attirent les nouveaux mari\u00e9s et les photographes depuis leur ouverture dans les ann\u00e9es 1880.<\/p>\n<p>Les Jardins ornementaux regroupent diverses zones :<\/p>\n<ul>\n<li>la collection de plantes vivaces<\/li>\n<li>le jardin de rocailles<\/li>\n<li>la roseraie du patrimoine et la roseraie Explorateur<\/li>\n<li>les jardins de lilas<\/li>\n<li>la collection de lilas Preston patrimoine<\/li>\n<li>la collection de pivoines<\/li>\n<li>la collection d&rsquo;h\u00e9m\u00e9rocalles et d&rsquo;iris<\/li>\n<li>le jardin des plantes annuelles<\/li>\n<li>le jardin comm\u00e9moratif de Macoun<\/li>\n<li>les plantations de haies<\/li>\n<\/ul>\n<p>Les caract\u00e9ristiques des jardins comprennent:<\/p>\n<p>la s\u00e9rie de roses Explorateur d\u00e9velopp\u00e9e au CEF par Felicitas Svejda et r\u00e9put\u00e9e pour sa r\u00e9sistance \u00e0 l&rsquo;hiver la plus grande collection de pivoines \u00e9lev\u00e9es par A.P. Saunders, fils de William Saunders, premier directeur de la ferme une collection des premi\u00e8res introductions d&rsquo;h\u00e9m\u00e9rocalles hybrides par Douglas Lycett et Henry Lorrain 100 types d&rsquo;iris,125 vari\u00e9t\u00e9s de lilas uniques, notamment un certain nombre de \u00ab lilas Preston \u00bb d\u00e9velopp\u00e9s par une chercheure d&rsquo;Ottawa, Isabella Preston.<br \/>\nParmi les rosiers que l&rsquo;on peut admirer, se trouve le cultivar Explorer qui a \u00e9t\u00e9 mis au point \u00e0 la Ferme exp\u00e9rimentale centrale. Il est connu pour sa r\u00e9sistance au froid.<\/p>\n<p>Les jardins sont publics et l&rsquo;entr\u00e9e est gratuite.<\/p>\n<hr \/>\n<p>B. <strong>Arboretum du Dominion<\/strong><\/p>\n<p><strong>Adresse <\/strong>: Arboretum, Ottawa, ON K1A OC6<\/p>\n<p><strong>Services offerts aux visiteurs <\/strong>: Stationnement payant &#8211; Salle de bain \u00e0 proximit\u00e9 &#8211; partiellement accessibles en fauteuil roulant &#8211; Adapt\u00e9 aux enfants \u2013 chiens admis (en laisse) &#8211; Aires de pique-nique<\/p>\n<p><strong>Description <\/strong>: Situ\u00e9 sur un terrain vallonn\u00e9 de 64 acres entre Prince of Wales Drive et le quartier historique du canal Rideau, l&rsquo;arboretum a \u00e9t\u00e9 d\u00e9velopp\u00e9 pour tester la r\u00e9sistance des plantes ligneuses face au climat canadien. Avec une vari\u00e9t\u00e9 de microclimats et la pr\u00e9sentation d&rsquo;une gamme de plantes ligneuses, cette collection contient environ 4000 sp\u00e9cimens. L&rsquo;Arboretum pr\u00e9sente un large \u00e9ventail d&rsquo;arbres et d\u2019arbustes bien \u00e9tablis, dont certains datent de 1889. Comme il se trouve au nord d\u2019une latitude de 45 degr\u00e9s, c&rsquo;est l&rsquo;arboretum le plus au Nord de tout le continent. C&rsquo;est un espace unique au c\u0153ur d&rsquo;Ottawa, avec ses espaces ouverts, ses belles vues sur les belv\u00e9d\u00e8res nord et sud, ainsi qu&rsquo;un joli jardin Hosta entre les deux belv\u00e9d\u00e8res. Beaucoup d&rsquo;environnements de croissance diff\u00e9rents et des sp\u00e9cimens d&rsquo;arbres et d&rsquo;arbustes pour les accompagner. Des pommes de crabe Rosybloom, d\u00e9velopp\u00e9es par Isabella Preston, bordent la route Prince of Wales. Les autres caract\u00e9ristiques comprennent une bosquet de magnolia, de nombreux saules pleureurs et de beaux sp\u00e9cimens de ch\u00eane et d&rsquo;\u00e9rable, des arbres importants de plus de 100 ans.<\/p>\n<hr \/>\n<p>C. <strong>Jardin \u00c9cologique Fletcher<\/strong><\/p>\n<p><strong>Adresse<\/strong> : proche du 865 Prince of Wales Drive, Ottawa, ON K2C 3K1<\/p>\n<p><strong>Services offerts aux visiteurs<\/strong> : Stationnement- Porte-v\u00e9los- Salle de bain- accessible en partie en fauteuil roulant- Adapt\u00e9 aux enfants- Aires diverses de piqueniques.<\/p>\n<p><strong>Description<\/strong> : Un superbe jardin \u00e9cologique avec deux sections distinctes comprenant des plantes indig\u00e8nes respectueuses de la vie sauvage, des parterres de vivaces, un plan d\u2019eau, un jardin de rocaille, une for\u00eat g\u00e9r\u00e9e, un ravin avec un \u00e9tang et une prairie de fleurs sauvages offrant un habitat et de la nourriture \u00e0 la faune.<br \/>\nCaract\u00e9ristique du Jardin \u00c9cologique Fletcher :<br \/>\n\u00c9tang des amphibiens<br \/>\nBois de feuillus<br \/>\nLe Hedgerow<br \/>\nLe pr\u00e9 des papillons<br \/>\nancien champ<br \/>\nancien bois\u00e9<br \/>\nCentre de ressource du JEF (jardin \u00e9cologique Fletcher)<br \/>\nJardin d\u2019arri\u00e8re-cour<\/p>\n<hr \/>\n<p>D. <strong>Canadensis : Jardins d&rsquo;artistes<\/strong><\/p>\n<p><strong>Adresse<\/strong> : Ferme exp\u00e9rimentale, Prince of Wales Dr, Ottawa, ON<\/p>\n<p><strong>Services offerts aux visiteurs<\/strong> : Stationnement &#8211; adapt\u00e9 aux enfants \u2013 chiens admis (en laisse)<\/p>\n<p><strong>Description<\/strong> : Canadensis, Le jardin du Canada<br \/>\nLe plan directeur vise \u00e0 transformer les 34 acres de terres de jach\u00e8re de la Ferme exp\u00e9rimentale centrale, au sud de l&rsquo;Arboretum national, en un chef-d\u2019\u0153uvre botanique moderne et significatif au niveau international : Le Jardin du Canada. Actuellement, Canadensis pr\u00e9sente Beyond the Edge : Artists&rsquo; Gardens &#8211; une exposition de land art ou art paysager. Cette exposition explore la notion d&rsquo;oasis rurale au c\u0153ur d&rsquo;un centre urbain. Il y a un total de 6 exp\u00e9riences uniques. Un abri solaire attrayant et moderne a \u00e9galement \u00e9t\u00e9 construit sur le site, celui-ci fut con\u00e7u par des \u00e9tudiants dipl\u00f4m\u00e9s de l&rsquo;\u00e9cole d&rsquo;architecture et d&rsquo;urbanisme Azrieli de l&rsquo;universit\u00e9 Carleton. Le site est un merveilleux lieu de pique-nique situ\u00e9 dans un cadre urbain et pastoral d\u2019un inspirant paysage.<\/p>\n<hr \/>\n<p>E. <strong>Serre tropicale<\/strong> \u2013 FERMEE JUSQU&rsquo;A NOUVEL AVIS EN RAISON DE COVID-19<\/p>\n<p><strong>Adresse<\/strong> : promenade Maple, Ottawa, ON<\/p>\n<p><strong>Services aux visiteurs<\/strong> : Stationnement \u2013 \u200b\u200bSupports \u00e0 v\u00e9los \u2013 Toilettes \u00e0 proximit\u00e9 \u2013 partiellement accessible aux fauteuils roulants &#8211; Aires de pique-nique \u00e0 proximit\u00e9<\/p>\n<p><strong>Description<\/strong> : Ce jardin tropical de 1 600 pieds carr\u00e9s se trouve dans un b\u00e2timent patrimonial, construit en 1928, remarquable pour ses belles lignes et son design traditionnel. L&rsquo;\u00e9l\u00e9gante structure octogonale \u00e9tait \u00e0 l&rsquo;origine situ\u00e9e au parc Major&rsquo;s Hill au centre-ville d&rsquo;Ottawa et a d\u00e9m\u00e9nag\u00e9 \u00e0 la ferme en 1938 pour \u00eatre utilis\u00e9e pour la recherche horticole. Devenu monument historique, il est devenu un jardin tropical ouvert au public dans les ann\u00e9es 1970. Des lits sur\u00e9lev\u00e9s encadrent le chemin circulaire avec une vari\u00e9t\u00e9 de plantes qui aiment la chaleur, des indig\u00e8nes de la for\u00eat tropicale, des cactus et des plantes succulentes.<\/p>\n<hr \/>\n<p>F. <strong>Jardin du Mus\u00e9e de l&rsquo;agriculture et de l&rsquo;alimentation du Canada<\/strong> \u2013 <em>TEMPORAIREMENT FERM\u00c9 EN RAISON DES RESTRICTIONS COVID-19. CONSULTEZ LE SITE WEB POUR LES MISES \u00c0 JOUR.<\/em><\/p>\n<p><strong>Adresse :<\/strong> 901, promenade Prince of Wales, Ottawa ON K2C 3K1<\/p>\n<p><strong>Services aux visiteurs :<\/strong> Entr\u00e9e $ \u2013 Stationnement $ \u2013 Supports \u00e0 v\u00e9los \u2013 Toilettes \u2013 Accessible aux fauteuils roulants \u2013 Adapt\u00e9 aux enfants \u2013 Aires de pique-nique \u00e0 proximit\u00e9.<\/p>\n<p><strong>Description :<\/strong> Venez d\u00e9couvrir l&rsquo;exposition ext\u00e9rieure Discovery Park au Mus\u00e9e de l&rsquo;agriculture et de l&rsquo;alimentation du Canada. D\u00e9couvrez diverses cultures cultiv\u00e9es pour produire de l&rsquo;\u00e9nergie ainsi que des plantes b\u00e9n\u00e9fiques pour les pollinisateurs. Des panneaux d&rsquo;interpr\u00e9tation et des activit\u00e9s pratiques font \u00e9galement partie de l&rsquo;exp\u00e9rience Le jardin, qui se trouve dans l&rsquo;enceinte du mus\u00e9e lui-m\u00eame, mesure environ 1000 pieds carr\u00e9s. Le jardin lui-m\u00eame a des gramin\u00e9es vivaces et d&rsquo;autres mati\u00e8res v\u00e9g\u00e9tales herbac\u00e9es.<\/p>\n<hr \/>\n<p>G. <strong>Jardins du parc des Commissaires<\/strong><\/p>\n<p><em>Le parc des Commissaires est adjacent \u00e0 la Ferme exp\u00e9rimentale centrale mais n&rsquo;en fait pas partie. Il vaut vraiment la peine d&rsquo;ajouter les jardins de ce parc \u00e0 votre visite.<\/em><\/p>\n<p><strong>Adresse<\/strong> : Queen Elizabeth Dr &amp; Preston Street, Ottawa ON K1P 1B1<br \/>\n<strong>Services offerts aux visiteurs<\/strong> : Stationnement payant (disponible en face du pavillon du lac Dows, au coin de Preston St. et Queen Elizabeth Driveway) &#8211; Salle de bain (disponibles au pavillon du lac Dows) \u2013 Porte-v\u00e9los &#8211; Accessible en fauteuil roulant &#8211; Adapt\u00e9 aux enfants \u2013 chiens admis (en laisse) &#8211; Aires de restauration<br \/>\n<strong>Description<\/strong> : Suivez les sentiers sinueux et admirez l&rsquo;explosion de couleurs dans les jardins remplis de plus de 250 000 tulipes au printemps. En \u00e9t\u00e9, les tulipes sont remplac\u00e9es par des milliers de fleurs annuelles, qui cr\u00e9ent de magnifiques vues panoramiques avec le lac Dows en arri\u00e8re-plan. Situ\u00e9 \u00e0 l&rsquo;angle de Preston Street et Queen Elizabeth Driveway, le parc des Commissaires s&rsquo;\u00e9tend sur 8,95 hectares. Il a \u00e9t\u00e9 construit des ann\u00e9es 1920 \u00e0 1950 sur le site d&rsquo;une ancienne scierie appartenant \u00e0 J.R. Booth.<\/p>\n","protected":false},"excerpt":{"rendered":"<p>\ufeff Visitez la Ferme Exp\u00e9rimentale Centrale qui comprend l&rsquo;Arboretum du Dominion, les Jardins Ornementaux et le Jardin \u00c9cologique Fletcher. Vous y verrez des parterres color\u00e9s de plantes annuelles et de vivaces, ainsi que plusieurs esp\u00e8ces d&rsquo;arbres et d&rsquo;arbustes. La Ferme Exp\u00e9rimentale Centrale (FEC) a \u00e9t\u00e9 cr\u00e9\u00e9e en 1886 par le gouvernement canadien. Elle \u00e9tait la [&hellip;]<\/p>\n","protected":false},"author":6,"featured_media":0,"parent":0,"menu_order":0,"comment_status":"closed","ping_status":"closed","template":"","meta":{"_monsterinsights_skip_tracking":false,"_monsterinsights_sitenote_active":false,"_monsterinsights_sitenote_note":"","_monsterinsights_sitenote_category":0},"yoast_head":"<!-- This site is optimized with the Yoast SEO plugin v17.1 - https:\/\/yoast.com\/wordpress\/plugins\/seo\/ -->\n<title>Visite Autoguid\u00e9e - Des Jardins de la Ferme Exp\u00e9rimentale Centrale &ndash; Garden Promenade<\/title>\n<meta name=\"robots\" content=\"index, follow, max-snippet:-1, max-image-preview:large, max-video-preview:-1\" \/>\n<link rel=\"canonical\" href=\"https:\/\/www.gardenpromenade.ca\/fr\/visite-des-jardins-de-la-ferme-experimentale-centrale\/\" \/>\n<meta property=\"og:locale\" content=\"fr_FR\" \/>\n<meta property=\"og:type\" content=\"article\" \/>\n<meta property=\"og:title\" content=\"Visite Autoguid\u00e9e - Des Jardins de la Ferme Exp\u00e9rimentale Centrale &ndash; Garden Promenade\" \/>\n<meta property=\"og:description\" content=\"\ufeff Visitez la Ferme Exp\u00e9rimentale Centrale qui comprend l&rsquo;Arboretum du Dominion, les Jardins Ornementaux et le Jardin \u00c9cologique Fletcher. Vous y verrez des parterres color\u00e9s de plantes annuelles et de vivaces, ainsi que plusieurs esp\u00e8ces d&rsquo;arbres et d&rsquo;arbustes. La Ferme Exp\u00e9rimentale Centrale (FEC) a \u00e9t\u00e9 cr\u00e9\u00e9e en 1886 par le gouvernement canadien. Elle \u00e9tait la [&hellip;]\" \/>\n<meta property=\"og:url\" content=\"https:\/\/www.gardenpromenade.ca\/fr\/visite-des-jardins-de-la-ferme-experimentale-centrale\/\" \/>\n<meta property=\"og:site_name\" content=\"Garden Promenade\" \/>\n<meta property=\"article:publisher\" content=\"https:\/\/www.facebook.com\/gardenpromenade\/\" \/>\n<meta property=\"article:modified_time\" content=\"2021-07-12T03:07:43+00:00\" \/>\n<meta name=\"twitter:card\" content=\"summary_large_image\" \/>\n<meta name=\"twitter:site\" content=\"@gardenpromenade\" \/>\n<meta name=\"twitter:label1\" content=\"Dur\u00e9e de lecture est.\" \/>\n\t<meta name=\"twitter:data1\" content=\"6 minutes\" \/>\n<script type=\"application\/ld+json\" class=\"yoast-schema-graph\">{\"@context\":\"https:\/\/schema.org\",\"@graph\":[{\"@type\":\"WebSite\",\"@id\":\"https:\/\/www.gardenpromenade.ca\/#website\",\"url\":\"https:\/\/www.gardenpromenade.ca\/\",\"name\":\"Garden Promenade\",\"description\":\"Explore Ottawa-Gatineau&#039;s Gardens\",\"potentialAction\":[{\"@type\":\"SearchAction\",\"target\":{\"@type\":\"EntryPoint\",\"urlTemplate\":\"https:\/\/www.gardenpromenade.ca\/?s={search_term_string}\"},\"query-input\":\"required name=search_term_string\"}],\"inLanguage\":\"fr-FR\"},{\"@type\":\"WebPage\",\"@id\":\"https:\/\/www.gardenpromenade.ca\/fr\/visite-des-jardins-de-la-ferme-experimentale-centrale\/#webpage\",\"url\":\"https:\/\/www.gardenpromenade.ca\/fr\/visite-des-jardins-de-la-ferme-experimentale-centrale\/\",\"name\":\"Visite Autoguid\\u00e9e - Des Jardins de la Ferme Exp\\u00e9rimentale Centrale &ndash; Garden Promenade\",\"isPartOf\":{\"@id\":\"https:\/\/www.gardenpromenade.ca\/#website\"},\"datePublished\":\"2020-07-27T12:27:18+00:00\",\"dateModified\":\"2021-07-12T03:07:43+00:00\",\"breadcrumb\":{\"@id\":\"https:\/\/www.gardenpromenade.ca\/fr\/visite-des-jardins-de-la-ferme-experimentale-centrale\/#breadcrumb\"},\"inLanguage\":\"fr-FR\",\"potentialAction\":[{\"@type\":\"ReadAction\",\"target\":[\"https:\/\/www.gardenpromenade.ca\/fr\/visite-des-jardins-de-la-ferme-experimentale-centrale\/\"]}]},{\"@type\":\"BreadcrumbList\",\"@id\":\"https:\/\/www.gardenpromenade.ca\/fr\/visite-des-jardins-de-la-ferme-experimentale-centrale\/#breadcrumb\",\"itemListElement\":[{\"@type\":\"ListItem\",\"position\":1,\"name\":\"Home\",\"item\":\"https:\/\/www.gardenpromenade.ca\/fr\/\"},{\"@type\":\"ListItem\",\"position\":2,\"name\":\"Visite Autoguid\\u00e9e &#8211; Des Jardins de la Ferme Exp\\u00e9rimentale Centrale\"}]}]}<\/script>\n<!-- \/ Yoast SEO plugin. -->","yoast_head_json":{"title":"Visite Autoguid\u00e9e - Des Jardins de la Ferme Exp\u00e9rimentale Centrale &ndash; Garden Promenade","robots":{"index":"index","follow":"follow","max-snippet":"max-snippet:-1","max-image-preview":"max-image-preview:large","max-video-preview":"max-video-preview:-1"},"canonical":"https:\/\/www.gardenpromenade.ca\/fr\/visite-des-jardins-de-la-ferme-experimentale-centrale\/","og_locale":"fr_FR","og_type":"article","og_title":"Visite Autoguid\u00e9e - Des Jardins de la Ferme Exp\u00e9rimentale Centrale &ndash; Garden Promenade","og_description":"\ufeff Visitez la Ferme Exp\u00e9rimentale Centrale qui comprend l&rsquo;Arboretum du Dominion, les Jardins Ornementaux et le Jardin \u00c9cologique Fletcher. Vous y verrez des parterres color\u00e9s de plantes annuelles et de vivaces, ainsi que plusieurs esp\u00e8ces d&rsquo;arbres et d&rsquo;arbustes. La Ferme Exp\u00e9rimentale Centrale (FEC) a \u00e9t\u00e9 cr\u00e9\u00e9e en 1886 par le gouvernement canadien. Elle \u00e9tait la [&hellip;]","og_url":"https:\/\/www.gardenpromenade.ca\/fr\/visite-des-jardins-de-la-ferme-experimentale-centrale\/","og_site_name":"Garden Promenade","article_publisher":"https:\/\/www.facebook.com\/gardenpromenade\/","article_modified_time":"2021-07-12T03:07:43+00:00","twitter_card":"summary_large_image","twitter_site":"@gardenpromenade","twitter_misc":{"Dur\u00e9e de lecture est.":"6 minutes"},"schema":{"@context":"https:\/\/schema.org","@graph":[{"@type":"WebSite","@id":"https:\/\/www.gardenpromenade.ca\/#website","url":"https:\/\/www.gardenpromenade.ca\/","name":"Garden Promenade","description":"Explore Ottawa-Gatineau&#039;s Gardens","potentialAction":[{"@type":"SearchAction","target":{"@type":"EntryPoint","urlTemplate":"https:\/\/www.gardenpromenade.ca\/?s={search_term_string}"},"query-input":"required name=search_term_string"}],"inLanguage":"fr-FR"},{"@type":"WebPage","@id":"https:\/\/www.gardenpromenade.ca\/fr\/visite-des-jardins-de-la-ferme-experimentale-centrale\/#webpage","url":"https:\/\/www.gardenpromenade.ca\/fr\/visite-des-jardins-de-la-ferme-experimentale-centrale\/","name":"Visite Autoguid\u00e9e - Des Jardins de la Ferme Exp\u00e9rimentale Centrale &ndash; Garden Promenade","isPartOf":{"@id":"https:\/\/www.gardenpromenade.ca\/#website"},"datePublished":"2020-07-27T12:27:18+00:00","dateModified":"2021-07-12T03:07:43+00:00","breadcrumb":{"@id":"https:\/\/www.gardenpromenade.ca\/fr\/visite-des-jardins-de-la-ferme-experimentale-centrale\/#breadcrumb"},"inLanguage":"fr-FR","potentialAction":[{"@type":"ReadAction","target":["https:\/\/www.gardenpromenade.ca\/fr\/visite-des-jardins-de-la-ferme-experimentale-centrale\/"]}]},{"@type":"BreadcrumbList","@id":"https:\/\/www.gardenpromenade.ca\/fr\/visite-des-jardins-de-la-ferme-experimentale-centrale\/#breadcrumb","itemListElement":[{"@type":"ListItem","position":1,"name":"Home","item":"https:\/\/www.gardenpromenade.ca\/fr\/"},{"@type":"ListItem","position":2,"name":"Visite Autoguid\u00e9e &#8211; Des Jardins de la Ferme Exp\u00e9rimentale Centrale"}]}]}},"_links":{"self":[{"href":"https:\/\/www.gardenpromenade.ca\/fr\/wp-json\/wp\/v2\/pages\/3957"}],"collection":[{"href":"https:\/\/www.gardenpromenade.ca\/fr\/wp-json\/wp\/v2\/pages"}],"about":[{"href":"https:\/\/www.gardenpromenade.ca\/fr\/wp-json\/wp\/v2\/types\/page"}],"author":[{"embeddable":true,"href":"https:\/\/www.gardenpromenade.ca\/fr\/wp-json\/wp\/v2\/users\/6"}],"replies":[{"embeddable":true,"href":"https:\/\/www.gardenpromenade.ca\/fr\/wp-json\/wp\/v2\/comments?post=3957"}],"version-history":[{"count":15,"href":"https:\/\/www.gardenpromenade.ca\/fr\/wp-json\/wp\/v2\/pages\/3957\/revisions"}],"predecessor-version":[{"id":4208,"href":"https:\/\/www.gardenpromenade.ca\/fr\/wp-json\/wp\/v2\/pages\/3957\/revisions\/4208"}],"wp:attachment":[{"href":"https:\/\/www.gardenpromenade.ca\/fr\/wp-json\/wp\/v2\/media?parent=3957"}],"curies":[{"name":"wp","href":"https:\/\/api.w.org\/{rel}","templated":true}]}}