{"id":4242,"date":"2021-08-01T01:05:43","date_gmt":"2021-08-01T01:05:43","guid":{"rendered":"https:\/\/www.gardenpromenade.ca\/rideau-hall-gardens-self-guided-tour\/"},"modified":"2021-08-01T01:07:25","modified_gmt":"2021-08-01T01:07:25","slug":"rideau-hall-gardens-self-guided-tour","status":"publish","type":"page","link":"https:\/\/www.gardenpromenade.ca\/fr\/rideau-hall-gardens-self-guided-tour\/","title":{"rendered":"Visite Auto-Guid\u00e9e des Jardins de Rideau Hall"},"content":{"rendered":"<p><iframe loading=\"lazy\" src=\"https:\/\/www.youtube.com\/embed\/bAhRO3Y_Zyg\" width=\"560\" height=\"315\" frameborder=\"0\" allowfullscreen=\"allowfullscreen\"><\/iframe><\/p>\n<p>A.&nbsp;<strong>Rideau Hall<\/strong><\/p>\n<p><strong>Adresse<\/strong> : 1, prom. Sussex, Ottawa ON K1A 0A1<\/p>\n<p><strong>Services aux visiteurs<\/strong> : Stationnement sur la rue \u2013 Supports \u00e0 v\u00e9los \u2013 Toilettes, accessibles en fauteuil roulant \u2013 Enfants bienvenus \u2013 Aires de pique-nique<br \/>\nGestion des jardins : CCN<\/p>\n<p><strong>Description<\/strong> :<br \/>\nLes terrains de Rideau Hall repr\u00e9sentent l\u2019un des plus beaux paysages historiques du Canada.<br \/>\nEn 1998, ils ont \u00e9t\u00e9 d\u00e9sign\u00e9s paysage naturel d\u2019importance historique nationale par la ministre du Patrimoine canadien.<br \/>\nConform\u00e9ment \u00e0 la tradition paysagiste britannique, des pelouses bois\u00e9es, des plates-bandes et des zones de service se partagent les lieux dont certains \u00e0 l\u2019\u00e9tat semi-sauvage.<br \/>\nAujourd\u2019hui, le terrain s\u2019\u00e9tend sur environ 32 hectares (79 acres) avec 20 b\u00e2timents historiques, des roseraies, des rocailles, des pelouses pour le cricket et des peuplements d\u2019arbres.<br \/>\nNe manquez pas le Jardin du patrimoine canadien et ses 11 plates-bandes de fleurs circulaires avec plus de 200 vari\u00e9t\u00e9s de roses rustiques.<\/p>\n<p>Les jardins de Rideau Hall<br \/>\n1. Les roseraies \u2013 Jardin du patrimoine canadien<br \/>\n2. Jardin d&rsquo;entr\u00e9e ( centre des visiteurs)\u2026des vivaces<br \/>\n3. Jardin des Gouverneurs G\u00e9n\u00e9raux canadiens<br \/>\n4. Bosquet d&rsquo;arbres d\u00e9di\u00e9s<br \/>\n5. Jardin de m\u00e9ditation (entr\u00e9 de la rue Stanley)<br \/>\n6. Jardin des noyers<br \/>\n7. Les serres<br \/>\n8. Serre tropicale<br \/>\n9. Jardin ombrag\u00e9<br \/>\n10. Jardin Inuit<br \/>\n11. Jardin de plantes aromatiques<br \/>\n12. Jardin formel de vivaces (priv\u00e9)<\/p>\n<hr>\n<p>B. <strong>Jardin international de la paix<\/strong><\/p>\n<p><strong>Adresse<\/strong> : 50, prom. Sussex, Ottawa, ON K1M 2K1<\/p>\n<p><strong>Services aux visiteurs :<\/strong> Stationnement $ \u2013 Toilettes, accessibles en fauteuil roulant \u2013 Enfants bienvenus \u2013 Aires de caf\u00e9s et restaurants proches (Tavern on the Falls)<\/p>\n<p><strong>Description : <\/strong>Depuis sa cr\u00e9ation en 1990, le Jardin international de la paix d&rsquo;Ottawa pr\u00e9sente chaque printemps une exposition de tulipes \u00e0 floraison h\u00e2tive.<\/p>\n<p>En 1990, la Ville d&rsquo;Ottawa et le Festival canadien des tulipes (un \u00e9v\u00e9nement annuel qui remonte \u00e0 l&rsquo;apr\u00e8s-guerre) ont offert aux \u00c9tats-Unis un \u00ab jardin de la paix \u00bb pour c\u00e9l\u00e9brer la plus longue fronti\u00e8re non d\u00e9fendue du monde. L&rsquo;inauguration de ce jardin a inspir\u00e9 la cr\u00e9ation en 1991 de l&rsquo;International Peace Garden Foundation, une organisation caritative qui promeut les droits de l&rsquo;homme et fait avancer l&rsquo;amiti\u00e9 mondiale. La fondation coordonne le don annuel d&rsquo;un jardin de la paix d&rsquo;un pays \u00e0 l&rsquo;autre, le dernier participant choisissant le pays \u00e0 honorer ensuite. Depuis, de plus en plus de jardins ont \u00e9t\u00e9 cr\u00e9\u00e9s dans le monde entier, de l&rsquo;Italie au Japon.<\/p>\n<p>21 Jardins internationaux de la paix<br \/>\n1990 Ottawa, Canada 1991 Washington, DC 1992 Varsovie, Pologne<br \/>\n1993 Berlin, Allemagne 1994 Budapest, Hongrie 1995 Strasbourg, France<br \/>\n1996 Ljubljana, Slov\u00e9nie 1997 Pretoria, Afrique du Sud 1999 San Jos\u00e9, Costa Rica<br \/>\n2000 La Haye, Pays-Bas 2001 Hiroshima, Japon 2002 Vienne, Autriche<br \/>\n2003 Rome, Italie 2004 Ath\u00e8nes, Gr\u00e8ce 2005 Nicosie, Chypre 2006 Dublin, Irlande<br \/>\n2007 Berne, Suisse 2008 Kyiv, Ukraine 2010 Istanbul, Turquie<br \/>\n2017 Puerto Vallarta, Mexique&nbsp; &nbsp; &nbsp;2018 Baie de Suncheon, Cor\u00e9e du Sud<\/p>\n<hr>\n<p>C.<strong> Le parc de Rockcliffe et les Rocailles<\/strong><\/p>\n<p><strong>Adresse :<\/strong> Promenade Rockcliffe, Ottawa, ON K1M 2H5. A noter : le site ouvre d\u00e9but mai et ferme aux premi\u00e8res chutes de neige.<\/p>\n<p><strong>Services aux visiteurs :<\/strong> Stationnement gratuit \u2013 Toilettes \u2013 Tables de pique-nique<\/p>\n<p><strong>Description :<\/strong> Ce parc comprend le pavillon Rockcliffe, un endroit populaire pour les mariages en plein air, ainsi que des belv\u00e9d\u00e8res spectaculaires accessibles via les sentiers polyvalents et la promenade Sir George-\u00c9tienne Cartier.<\/p>\n<p>Au printemps, les Rockcliffe Rockeries de 2,65 hectares offrent une explosion de couleurs avec des centaines de milliers de jonquilles et d&rsquo;arbres en fleurs.<\/p>\n<p>Les hautes terres rocheuses du parc appartenaient autrefois \u00e0 Thomas McKay, ma\u00eetre tailleur de pierre du canal Rideau et constructeur de Rideau Hall. Le parc Rockcliffe a ouvert ses portes \u00e0 la fin des ann\u00e9es 1800 et est l&rsquo;un des premiers parcs r\u00e9cr\u00e9atifs de la r\u00e9gion de la capitale.<\/p>\n","protected":false},"excerpt":{"rendered":"<p>A.&nbsp;Rideau Hall Adresse : 1, prom. Sussex, Ottawa ON K1A 0A1 Services aux visiteurs : Stationnement sur la rue \u2013 Supports \u00e0 v\u00e9los \u2013 Toilettes, accessibles en fauteuil roulant \u2013 Enfants bienvenus \u2013 Aires de pique-nique Gestion des jardins : CCN Description : Les terrains de Rideau Hall repr\u00e9sentent l\u2019un des plus beaux paysages historiques [&hellip;]<\/p>\n","protected":false},"author":4,"featured_media":0,"parent":0,"menu_order":0,"comment_status":"closed","ping_status":"closed","template":"","meta":{"_monsterinsights_skip_tracking":false,"_monsterinsights_sitenote_active":false,"_monsterinsights_sitenote_note":"","_monsterinsights_sitenote_category":0},"yoast_head":"<!-- This site is optimized with the Yoast SEO plugin v17.1 - https:\/\/yoast.com\/wordpress\/plugins\/seo\/ -->\n<title>Visite Auto-Guid\u00e9e des Jardins de Rideau Hall &ndash; Garden Promenade<\/title>\n<meta name=\"robots\" content=\"index, follow, max-snippet:-1, max-image-preview:large, max-video-preview:-1\" \/>\n<link rel=\"canonical\" href=\"https:\/\/www.gardenpromenade.ca\/fr\/rideau-hall-gardens-self-guided-tour\/\" \/>\n<meta property=\"og:locale\" content=\"fr_FR\" \/>\n<meta property=\"og:type\" content=\"article\" \/>\n<meta property=\"og:title\" content=\"Visite Auto-Guid\u00e9e des Jardins de Rideau Hall &ndash; Garden Promenade\" \/>\n<meta property=\"og:description\" content=\"A.&nbsp;Rideau Hall Adresse : 1, prom. Sussex, Ottawa ON K1A 0A1 Services aux visiteurs : Stationnement sur la rue \u2013 Supports \u00e0 v\u00e9los \u2013 Toilettes, accessibles en fauteuil roulant \u2013 Enfants bienvenus \u2013 Aires de pique-nique Gestion des jardins : CCN Description : Les terrains de Rideau Hall repr\u00e9sentent l\u2019un des plus beaux paysages historiques [&hellip;]\" \/>\n<meta property=\"og:url\" content=\"https:\/\/www.gardenpromenade.ca\/fr\/rideau-hall-gardens-self-guided-tour\/\" \/>\n<meta property=\"og:site_name\" content=\"Garden Promenade\" \/>\n<meta property=\"article:publisher\" content=\"https:\/\/www.facebook.com\/gardenpromenade\/\" \/>\n<meta property=\"article:modified_time\" content=\"2021-08-01T01:07:25+00:00\" \/>\n<meta name=\"twitter:card\" content=\"summary_large_image\" \/>\n<meta name=\"twitter:site\" content=\"@gardenpromenade\" \/>\n<meta name=\"twitter:label1\" content=\"Dur\u00e9e de lecture est.\" \/>\n\t<meta name=\"twitter:data1\" content=\"3 minutes\" \/>\n<script type=\"application\/ld+json\" class=\"yoast-schema-graph\">{\"@context\":\"https:\/\/schema.org\",\"@graph\":[{\"@type\":\"WebSite\",\"@id\":\"https:\/\/www.gardenpromenade.ca\/#website\",\"url\":\"https:\/\/www.gardenpromenade.ca\/\",\"name\":\"Garden Promenade\",\"description\":\"Explore Ottawa-Gatineau&#039;s Gardens\",\"potentialAction\":[{\"@type\":\"SearchAction\",\"target\":{\"@type\":\"EntryPoint\",\"urlTemplate\":\"https:\/\/www.gardenpromenade.ca\/?s={search_term_string}\"},\"query-input\":\"required name=search_term_string\"}],\"inLanguage\":\"fr-FR\"},{\"@type\":\"WebPage\",\"@id\":\"https:\/\/www.gardenpromenade.ca\/fr\/rideau-hall-gardens-self-guided-tour\/#webpage\",\"url\":\"https:\/\/www.gardenpromenade.ca\/fr\/rideau-hall-gardens-self-guided-tour\/\",\"name\":\"Visite Auto-Guid\\u00e9e des Jardins de Rideau Hall &ndash; Garden Promenade\",\"isPartOf\":{\"@id\":\"https:\/\/www.gardenpromenade.ca\/#website\"},\"datePublished\":\"2021-08-01T01:05:43+00:00\",\"dateModified\":\"2021-08-01T01:07:25+00:00\",\"breadcrumb\":{\"@id\":\"https:\/\/www.gardenpromenade.ca\/fr\/rideau-hall-gardens-self-guided-tour\/#breadcrumb\"},\"inLanguage\":\"fr-FR\",\"potentialAction\":[{\"@type\":\"ReadAction\",\"target\":[\"https:\/\/www.gardenpromenade.ca\/fr\/rideau-hall-gardens-self-guided-tour\/\"]}]},{\"@type\":\"BreadcrumbList\",\"@id\":\"https:\/\/www.gardenpromenade.ca\/fr\/rideau-hall-gardens-self-guided-tour\/#breadcrumb\",\"itemListElement\":[{\"@type\":\"ListItem\",\"position\":1,\"name\":\"Home\",\"item\":\"https:\/\/www.gardenpromenade.ca\/fr\/\"},{\"@type\":\"ListItem\",\"position\":2,\"name\":\"Visite Auto-Guid\\u00e9e des Jardins de Rideau Hall\"}]}]}<\/script>\n<!-- \/ Yoast SEO plugin. -->","yoast_head_json":{"title":"Visite Auto-Guid\u00e9e des Jardins de Rideau Hall &ndash; Garden Promenade","robots":{"index":"index","follow":"follow","max-snippet":"max-snippet:-1","max-image-preview":"max-image-preview:large","max-video-preview":"max-video-preview:-1"},"canonical":"https:\/\/www.gardenpromenade.ca\/fr\/rideau-hall-gardens-self-guided-tour\/","og_locale":"fr_FR","og_type":"article","og_title":"Visite Auto-Guid\u00e9e des Jardins de Rideau Hall &ndash; Garden Promenade","og_description":"A.&nbsp;Rideau Hall Adresse : 1, prom. Sussex, Ottawa ON K1A 0A1 Services aux visiteurs : Stationnement sur la rue \u2013 Supports \u00e0 v\u00e9los \u2013 Toilettes, accessibles en fauteuil roulant \u2013 Enfants bienvenus \u2013 Aires de pique-nique Gestion des jardins : CCN Description : Les terrains de Rideau Hall repr\u00e9sentent l\u2019un des plus beaux paysages historiques [&hellip;]","og_url":"https:\/\/www.gardenpromenade.ca\/fr\/rideau-hall-gardens-self-guided-tour\/","og_site_name":"Garden Promenade","article_publisher":"https:\/\/www.facebook.com\/gardenpromenade\/","article_modified_time":"2021-08-01T01:07:25+00:00","twitter_card":"summary_large_image","twitter_site":"@gardenpromenade","twitter_misc":{"Dur\u00e9e de lecture est.":"3 minutes"},"schema":{"@context":"https:\/\/schema.org","@graph":[{"@type":"WebSite","@id":"https:\/\/www.gardenpromenade.ca\/#website","url":"https:\/\/www.gardenpromenade.ca\/","name":"Garden Promenade","description":"Explore Ottawa-Gatineau&#039;s Gardens","potentialAction":[{"@type":"SearchAction","target":{"@type":"EntryPoint","urlTemplate":"https:\/\/www.gardenpromenade.ca\/?s={search_term_string}"},"query-input":"required name=search_term_string"}],"inLanguage":"fr-FR"},{"@type":"WebPage","@id":"https:\/\/www.gardenpromenade.ca\/fr\/rideau-hall-gardens-self-guided-tour\/#webpage","url":"https:\/\/www.gardenpromenade.ca\/fr\/rideau-hall-gardens-self-guided-tour\/","name":"Visite Auto-Guid\u00e9e des Jardins de Rideau Hall &ndash; Garden Promenade","isPartOf":{"@id":"https:\/\/www.gardenpromenade.ca\/#website"},"datePublished":"2021-08-01T01:05:43+00:00","dateModified":"2021-08-01T01:07:25+00:00","breadcrumb":{"@id":"https:\/\/www.gardenpromenade.ca\/fr\/rideau-hall-gardens-self-guided-tour\/#breadcrumb"},"inLanguage":"fr-FR","potentialAction":[{"@type":"ReadAction","target":["https:\/\/www.gardenpromenade.ca\/fr\/rideau-hall-gardens-self-guided-tour\/"]}]},{"@type":"BreadcrumbList","@id":"https:\/\/www.gardenpromenade.ca\/fr\/rideau-hall-gardens-self-guided-tour\/#breadcrumb","itemListElement":[{"@type":"ListItem","position":1,"name":"Home","item":"https:\/\/www.gardenpromenade.ca\/fr\/"},{"@type":"ListItem","position":2,"name":"Visite Auto-Guid\u00e9e des Jardins de Rideau Hall"}]}]}},"_links":{"self":[{"href":"https:\/\/www.gardenpromenade.ca\/fr\/wp-json\/wp\/v2\/pages\/4242"}],"collection":[{"href":"https:\/\/www.gardenpromenade.ca\/fr\/wp-json\/wp\/v2\/pages"}],"about":[{"href":"https:\/\/www.gardenpromenade.ca\/fr\/wp-json\/wp\/v2\/types\/page"}],"author":[{"embeddable":true,"href":"https:\/\/www.gardenpromenade.ca\/fr\/wp-json\/wp\/v2\/users\/4"}],"replies":[{"embeddable":true,"href":"https:\/\/www.gardenpromenade.ca\/fr\/wp-json\/wp\/v2\/comments?post=4242"}],"version-history":[{"count":3,"href":"https:\/\/www.gardenpromenade.ca\/fr\/wp-json\/wp\/v2\/pages\/4242\/revisions"}],"predecessor-version":[{"id":4247,"href":"https:\/\/www.gardenpromenade.ca\/fr\/wp-json\/wp\/v2\/pages\/4242\/revisions\/4247"}],"wp:attachment":[{"href":"https:\/\/www.gardenpromenade.ca\/fr\/wp-json\/wp\/v2\/media?parent=4242"}],"curies":[{"name":"wp","href":"https:\/\/api.w.org\/{rel}","templated":true}]}}